{"id":1150,"date":"2025-08-21T09:43:43","date_gmt":"2025-08-21T09:43:43","guid":{"rendered":"https:\/\/la-luz.fr\/?page_id=1150"},"modified":"2025-08-21T12:27:39","modified_gmt":"2025-08-21T12:27:39","slug":"layurveda-cest-quoi","status":"publish","type":"page","link":"https:\/\/la-luz.fr\/index.php\/layurveda-cest-quoi\/","title":{"rendered":"L&rsquo;Ayurveda en quelques mots"},"content":{"rendered":"\n<p>L&rsquo;<strong>Ayurveda<\/strong> est un syst\u00e8me de m\u00e9decine datant de plus de 5000 ans, prenant sa source dans les V\u00e9das, des textes sacr\u00e9s de l&rsquo;Inde antique, r\u00e9dig\u00e9s dans la langue \u00ab\u00a0Sanskrit\u00a0\u00bb. Les principes et les enseignements de l&rsquo;Ayurveda, qui \u00e9taient alors transmis seulement de maitre \u00e0 disciple, furent compil\u00e9s dans la \u00ab\u00a0Charaka Samhita\u00a0\u00bb (environ 800 ans av J.C). C&rsquo;est aujourd&rsquo;hui le trait\u00e9 de r\u00e9f\u00e9rence.<\/p>\n\n\n\n<p><em>Ayur \/ Veda &#8230; ?<\/em><\/p>\n\n\n\n<p><em>Ayur<\/em> est un mot sanskrit qui est synonyme de \u00ab\u00a0vie\u00a0\u00bb, mais aussi de force vitale, ce qui fait r\u00e9f\u00e9rence au mouvement et au vivant. <em>Veda<\/em> signifie \u00ab\u00a0connaissance\u00a0\u00bb ou \u00ab\u00a0science\u00a0\u00bb dans le sens d&rsquo;une progression et d&rsquo;une compr\u00e9hension. On pourrait donc comprendre le sens d&rsquo;Ayurveda comme ceci : <em>Veda<\/em> permet la compr\u00e9hension et la connaissance personnelle de ce qu&rsquo;est la vie et son exp\u00e9rience <em>(Ayur)<\/em>. <\/p>\n\n\n\n<p>L&rsquo;<strong>Ayurveda<\/strong> est une m\u00e9decine qui met l&rsquo;accent sur la pr\u00e9vention et la connaissance de sa propre nature pour \u00e9quilibrer et harmoniser le corps, le mental et l&rsquo;\u00e2me. Ses axes principaux sont ; l&rsquo;alimentation, l&rsquo;hygi\u00e8ne de vie, la phytoth\u00e9rapie et les massages. Son approche est tr\u00e8s diff\u00e9rente du syst\u00e8me de sant\u00e9 actuel (que je ne rejette pas), elle est non agressive, naturelle et douce. C&rsquo;est donc une tr\u00e8s bonne science collaborative avec les autres m\u00e9decines conventionnelles. <\/p>\n\n\n\n<p><\/p>\n\n\n\n<p>Le point fondamental de l&rsquo;Ayurveda est <strong>le concept d&rsquo;individualit\u00e9<\/strong>. Toute chose a ses caract\u00e9ristiques uniques : vous, moi, un animal, un arbre, une pierre, du bois etc . Et \u00e0 la fois, tout est interd\u00e9pendant, rien n&rsquo;est s\u00e9par\u00e9, que ce soit dans l&rsquo;univers ou dans votre corps. Donc : <em>tout est li\u00e9, mais tout est unique. <\/em><\/p>\n\n\n\n<p>Comment \u00e0 partir de ce constat, pouvons nous soigner de la m\u00eame fa\u00e7on une m\u00eame maladie, chez tout le monde ? <\/p>\n\n\n\n<p>L&rsquo;Ayurveda offre une approche tr\u00e8s diff\u00e9rente de la nature et de la gu\u00e9rison en s&rsquo;appuyant sur <strong>la th\u00e9orie des 3 doshas<\/strong> <strong>: Vata &#8211; Pitta &#8211; Kapha<\/strong>, qui sont les principes du mouvement, de la transformation et de la coh\u00e9sion, tant au niveau du corps humain, que de l&rsquo;univers et de la vie. Cette th\u00e9orie se rapporte \u00e9galement aux <em>5 \u00e9l\u00e9ments : eau, terre, feu, air et \u00e9ther<\/em>. Vous poss\u00e9dez ces 3 doshas (ou humeurs, ou \u00e9nergies) en vous, de fa\u00e7on diff\u00e9rente de votre voisin.e et cela s&rsquo;appelle \u00ab\u00a0<strong>la Prakriti<\/strong>\u00a0\u00bb : votre constitution, votre nature.<\/p>\n\n\n\n<p>Si un dosha se trouve en exc\u00e8s ou en manque il en r\u00e9sulte des troubles de la sant\u00e9. Et comme il n&rsquo;existe pas en Ayurveda de traitement unique pour r\u00e9pondre \u00e0 une probl\u00e9matique, la th\u00e9orie des 3 doshas nous fournit<strong> la connaissance, la responsabilit\u00e9 et le pouvoir personnel<\/strong> pour prendre soin de sa vie : quelle alimentation me correspond ? Quel rythme de vie me convient ? A quelle saison dois-je faire le plus attention ? Quel rem\u00e8de de plantes et quels \u00e9pices dois-je utiliser ?<\/p>\n\n\n\n<p><\/p>\n\n\n\n<p>L&rsquo;Ayurveda nous enseigne la paix et l&rsquo;harmonie avec nous m\u00eame, les autres et notre environnement.<\/p>\n\n\n\n<p>C&rsquo;est une science d&rsquo;observation de la nature et de ses qualit\u00e9s, pour corriger les mauvaises habitudes et enseigner celles qui vont \u00eatre bienfaisantes. <\/p>\n\n\n\n<p><\/p>\n\n\n\n<p class=\"has-text-align-center\"><strong><mark style=\"background-color:rgba(0, 0, 0, 0)\" class=\"has-inline-color has-colibri-color-1-color\">L&rsquo;approche ayurvedique fait \u00e9cho en vous ? Vous voulez apprendre \u00e0 vous conna\u00eetre ? Vous \u00eates dans un parcours de soins difficiles et avez besoin d&rsquo;aide d&rsquo;une m\u00e9decine douce ? Prenons contact !<\/mark><\/strong><\/p>\n\n\n<div class=\"wp-block-image\">\n<figure class=\"aligncenter size-large\"><img fetchpriority=\"high\" decoding=\"async\" width=\"846\" height=\"1024\" src=\"https:\/\/la-luz.fr\/wp-content\/uploads\/2025\/08\/shri-Dhanvantari-846x1024.jpg\" alt=\"Shri Dhanvantari, divinit\u00e9 de l'Ayurveda\" class=\"wp-image-1164\" srcset=\"https:\/\/la-luz.fr\/wp-content\/uploads\/2025\/08\/shri-Dhanvantari-846x1024.jpg 846w, https:\/\/la-luz.fr\/wp-content\/uploads\/2025\/08\/shri-Dhanvantari-248x300.jpg 248w, https:\/\/la-luz.fr\/wp-content\/uploads\/2025\/08\/shri-Dhanvantari-768x929.jpg 768w, https:\/\/la-luz.fr\/wp-content\/uploads\/2025\/08\/shri-Dhanvantari.jpg 1000w\" sizes=\"(max-width: 846px) 100vw, 846px\" \/><figcaption class=\"wp-element-caption\">Shri Dhanvantari, divinit\u00e9 de l&rsquo;Ayurveda<\/figcaption><\/figure>\n<\/div>\n\n\n<p><\/p>\n\n\n\n<p><\/p>\n\n\n\n<p><\/p>\n\n\n\n<p><\/p>\n\n\n\n<p><\/p>\n","protected":false},"excerpt":{"rendered":"<p>L&rsquo;Ayurveda est un syst\u00e8me de m\u00e9decine datant de plus de 5000 ans, prenant sa source dans les V\u00e9das, des textes sacr\u00e9s de l&rsquo;Inde antique, r\u00e9dig\u00e9s dans la langue \u00ab\u00a0Sanskrit\u00a0\u00bb. Les principes et les enseignements de l&rsquo;Ayurveda, qui \u00e9taient alors transmis seulement de maitre \u00e0 disciple, furent compil\u00e9s dans la \u00ab\u00a0Charaka Samhita\u00a0\u00bb (environ 800 ans av [&hellip;]<\/p>\n","protected":false},"author":4,"featured_media":0,"parent":0,"menu_order":0,"comment_status":"closed","ping_status":"closed","template":"","meta":{"ngg_post_thumbnail":0,"footnotes":""},"class_list":["post-1150","page","type-page","status-publish","hentry"],"yoast_head":"<!-- This site is optimized with the Yoast SEO plugin v25.8 - https:\/\/yoast.com\/wordpress\/plugins\/seo\/ -->\n<title>L&#039;Ayurveda en quelques mots - La Luz<\/title>\n<meta name=\"robots\" content=\"index, follow, max-snippet:-1, max-image-preview:large, max-video-preview:-1\" \/>\n<link rel=\"canonical\" href=\"https:\/\/la-luz.fr\/index.php\/layurveda-cest-quoi\/\" class=\"yoast-seo-meta-tag\" \/>\n<meta property=\"og:locale\" content=\"fr_FR\" class=\"yoast-seo-meta-tag\" \/>\n<meta property=\"og:type\" content=\"article\" class=\"yoast-seo-meta-tag\" \/>\n<meta property=\"og:title\" content=\"L&#039;Ayurveda en quelques mots - La Luz\" class=\"yoast-seo-meta-tag\" \/>\n<meta property=\"og:description\" content=\"L&rsquo;Ayurveda est un syst\u00e8me de m\u00e9decine datant de plus de 5000 ans, prenant sa source dans les V\u00e9das, des textes sacr\u00e9s de l&rsquo;Inde antique, r\u00e9dig\u00e9s dans la langue \u00ab\u00a0Sanskrit\u00a0\u00bb. Les principes et les enseignements de l&rsquo;Ayurveda, qui \u00e9taient alors transmis seulement de maitre \u00e0 disciple, furent compil\u00e9s dans la \u00ab\u00a0Charaka Samhita\u00a0\u00bb (environ 800 ans av [&hellip;]\" class=\"yoast-seo-meta-tag\" \/>\n<meta property=\"og:url\" content=\"https:\/\/la-luz.fr\/index.php\/layurveda-cest-quoi\/\" class=\"yoast-seo-meta-tag\" \/>\n<meta property=\"og:site_name\" content=\"La Luz\" class=\"yoast-seo-meta-tag\" \/>\n<meta property=\"article:modified_time\" content=\"2025-08-21T12:27:39+00:00\" class=\"yoast-seo-meta-tag\" \/>\n<meta property=\"og:image\" content=\"https:\/\/la-luz.fr\/wp-content\/uploads\/2025\/08\/shri-Dhanvantari.jpg\" class=\"yoast-seo-meta-tag\" \/>\n\t<meta property=\"og:image:width\" content=\"1000\" class=\"yoast-seo-meta-tag\" \/>\n\t<meta property=\"og:image:height\" content=\"1210\" class=\"yoast-seo-meta-tag\" \/>\n\t<meta property=\"og:image:type\" content=\"image\/jpeg\" class=\"yoast-seo-meta-tag\" \/>\n<meta name=\"twitter:card\" content=\"summary_large_image\" class=\"yoast-seo-meta-tag\" \/>\n<meta name=\"twitter:label1\" content=\"Dur\u00e9e de lecture estim\u00e9e\" class=\"yoast-seo-meta-tag\" \/>\n\t<meta name=\"twitter:data1\" content=\"3 minutes\" class=\"yoast-seo-meta-tag\" \/>\n<script type=\"application\/ld+json\" class=\"yoast-schema-graph\">{\"@context\":\"https:\/\/schema.org\",\"@graph\":[{\"@type\":\"WebPage\",\"@id\":\"https:\/\/la-luz.fr\/index.php\/layurveda-cest-quoi\/\",\"url\":\"https:\/\/la-luz.fr\/index.php\/layurveda-cest-quoi\/\",\"name\":\"L'Ayurveda en quelques mots - La Luz\",\"isPartOf\":{\"@id\":\"https:\/\/la-luz.fr\/#website\"},\"primaryImageOfPage\":{\"@id\":\"https:\/\/la-luz.fr\/index.php\/layurveda-cest-quoi\/#primaryimage\"},\"image\":{\"@id\":\"https:\/\/la-luz.fr\/index.php\/layurveda-cest-quoi\/#primaryimage\"},\"thumbnailUrl\":\"https:\/\/la-luz.fr\/wp-content\/uploads\/2025\/08\/shri-Dhanvantari-846x1024.jpg\",\"datePublished\":\"2025-08-21T09:43:43+00:00\",\"dateModified\":\"2025-08-21T12:27:39+00:00\",\"breadcrumb\":{\"@id\":\"https:\/\/la-luz.fr\/index.php\/layurveda-cest-quoi\/#breadcrumb\"},\"inLanguage\":\"fr-FR\",\"potentialAction\":[{\"@type\":\"ReadAction\",\"target\":[\"https:\/\/la-luz.fr\/index.php\/layurveda-cest-quoi\/\"]}]},{\"@type\":\"ImageObject\",\"inLanguage\":\"fr-FR\",\"@id\":\"https:\/\/la-luz.fr\/index.php\/layurveda-cest-quoi\/#primaryimage\",\"url\":\"https:\/\/la-luz.fr\/wp-content\/uploads\/2025\/08\/shri-Dhanvantari.jpg\",\"contentUrl\":\"https:\/\/la-luz.fr\/wp-content\/uploads\/2025\/08\/shri-Dhanvantari.jpg\",\"width\":1000,\"height\":1210,\"caption\":\"Shri Dhanvantari, divinit\u00e9 de l'Ayurveda\"},{\"@type\":\"BreadcrumbList\",\"@id\":\"https:\/\/la-luz.fr\/index.php\/layurveda-cest-quoi\/#breadcrumb\",\"itemListElement\":[{\"@type\":\"ListItem\",\"position\":1,\"name\":\"Accueil\",\"item\":\"https:\/\/la-luz.fr\/\"},{\"@type\":\"ListItem\",\"position\":2,\"name\":\"L&rsquo;Ayurveda en quelques mots\"}]},{\"@type\":\"WebSite\",\"@id\":\"https:\/\/la-luz.fr\/#website\",\"url\":\"https:\/\/la-luz.fr\/\",\"name\":\"La Luz\",\"description\":\"\",\"potentialAction\":[{\"@type\":\"SearchAction\",\"target\":{\"@type\":\"EntryPoint\",\"urlTemplate\":\"https:\/\/la-luz.fr\/?s={search_term_string}\"},\"query-input\":{\"@type\":\"PropertyValueSpecification\",\"valueRequired\":true,\"valueName\":\"search_term_string\"}}],\"inLanguage\":\"fr-FR\"}]}<\/script>\n<!-- \/ Yoast SEO plugin. -->","yoast_head_json":{"title":"L'Ayurveda en quelques mots - La Luz","robots":{"index":"index","follow":"follow","max-snippet":"max-snippet:-1","max-image-preview":"max-image-preview:large","max-video-preview":"max-video-preview:-1"},"canonical":"https:\/\/la-luz.fr\/index.php\/layurveda-cest-quoi\/","og_locale":"fr_FR","og_type":"article","og_title":"L'Ayurveda en quelques mots - La Luz","og_description":"L&rsquo;Ayurveda est un syst\u00e8me de m\u00e9decine datant de plus de 5000 ans, prenant sa source dans les V\u00e9das, des textes sacr\u00e9s de l&rsquo;Inde antique, r\u00e9dig\u00e9s dans la langue \u00ab\u00a0Sanskrit\u00a0\u00bb. Les principes et les enseignements de l&rsquo;Ayurveda, qui \u00e9taient alors transmis seulement de maitre \u00e0 disciple, furent compil\u00e9s dans la \u00ab\u00a0Charaka Samhita\u00a0\u00bb (environ 800 ans av [&hellip;]","og_url":"https:\/\/la-luz.fr\/index.php\/layurveda-cest-quoi\/","og_site_name":"La Luz","article_modified_time":"2025-08-21T12:27:39+00:00","og_image":[{"width":1000,"height":1210,"url":"https:\/\/la-luz.fr\/wp-content\/uploads\/2025\/08\/shri-Dhanvantari.jpg","type":"image\/jpeg"}],"twitter_card":"summary_large_image","twitter_misc":{"Dur\u00e9e de lecture estim\u00e9e":"3 minutes"},"schema":{"@context":"https:\/\/schema.org","@graph":[{"@type":"WebPage","@id":"https:\/\/la-luz.fr\/index.php\/layurveda-cest-quoi\/","url":"https:\/\/la-luz.fr\/index.php\/layurveda-cest-quoi\/","name":"L'Ayurveda en quelques mots - La Luz","isPartOf":{"@id":"https:\/\/la-luz.fr\/#website"},"primaryImageOfPage":{"@id":"https:\/\/la-luz.fr\/index.php\/layurveda-cest-quoi\/#primaryimage"},"image":{"@id":"https:\/\/la-luz.fr\/index.php\/layurveda-cest-quoi\/#primaryimage"},"thumbnailUrl":"https:\/\/la-luz.fr\/wp-content\/uploads\/2025\/08\/shri-Dhanvantari-846x1024.jpg","datePublished":"2025-08-21T09:43:43+00:00","dateModified":"2025-08-21T12:27:39+00:00","breadcrumb":{"@id":"https:\/\/la-luz.fr\/index.php\/layurveda-cest-quoi\/#breadcrumb"},"inLanguage":"fr-FR","potentialAction":[{"@type":"ReadAction","target":["https:\/\/la-luz.fr\/index.php\/layurveda-cest-quoi\/"]}]},{"@type":"ImageObject","inLanguage":"fr-FR","@id":"https:\/\/la-luz.fr\/index.php\/layurveda-cest-quoi\/#primaryimage","url":"https:\/\/la-luz.fr\/wp-content\/uploads\/2025\/08\/shri-Dhanvantari.jpg","contentUrl":"https:\/\/la-luz.fr\/wp-content\/uploads\/2025\/08\/shri-Dhanvantari.jpg","width":1000,"height":1210,"caption":"Shri Dhanvantari, divinit\u00e9 de l'Ayurveda"},{"@type":"BreadcrumbList","@id":"https:\/\/la-luz.fr\/index.php\/layurveda-cest-quoi\/#breadcrumb","itemListElement":[{"@type":"ListItem","position":1,"name":"Accueil","item":"https:\/\/la-luz.fr\/"},{"@type":"ListItem","position":2,"name":"L&rsquo;Ayurveda en quelques mots"}]},{"@type":"WebSite","@id":"https:\/\/la-luz.fr\/#website","url":"https:\/\/la-luz.fr\/","name":"La Luz","description":"","potentialAction":[{"@type":"SearchAction","target":{"@type":"EntryPoint","urlTemplate":"https:\/\/la-luz.fr\/?s={search_term_string}"},"query-input":{"@type":"PropertyValueSpecification","valueRequired":true,"valueName":"search_term_string"}}],"inLanguage":"fr-FR"}]}},"featured_media_urls":[],"_links":{"self":[{"href":"https:\/\/la-luz.fr\/index.php\/wp-json\/wp\/v2\/pages\/1150","targetHints":{"allow":["GET"]}}],"collection":[{"href":"https:\/\/la-luz.fr\/index.php\/wp-json\/wp\/v2\/pages"}],"about":[{"href":"https:\/\/la-luz.fr\/index.php\/wp-json\/wp\/v2\/types\/page"}],"author":[{"embeddable":true,"href":"https:\/\/la-luz.fr\/index.php\/wp-json\/wp\/v2\/users\/4"}],"replies":[{"embeddable":true,"href":"https:\/\/la-luz.fr\/index.php\/wp-json\/wp\/v2\/comments?post=1150"}],"version-history":[{"count":8,"href":"https:\/\/la-luz.fr\/index.php\/wp-json\/wp\/v2\/pages\/1150\/revisions"}],"predecessor-version":[{"id":1168,"href":"https:\/\/la-luz.fr\/index.php\/wp-json\/wp\/v2\/pages\/1150\/revisions\/1168"}],"wp:attachment":[{"href":"https:\/\/la-luz.fr\/index.php\/wp-json\/wp\/v2\/media?parent=1150"}],"curies":[{"name":"wp","href":"https:\/\/api.w.org\/{rel}","templated":true}]}}