{"id":1205,"date":"2025-11-08T14:50:31","date_gmt":"2025-11-08T14:50:31","guid":{"rendered":"https:\/\/la-luz.fr\/?page_id=1205"},"modified":"2026-01-15T15:41:33","modified_gmt":"2026-01-15T15:41:33","slug":"retraite-de-yoga-traditionnel-avril-2026","status":"publish","type":"page","link":"https:\/\/la-luz.fr\/index.php\/retraite-de-yoga-traditionnel-avril-2026\/","title":{"rendered":"Retraite de yoga avril 2026"},"content":{"rendered":"\n<p><\/p>\n\n\n<div class=\"wp-block-image\">\n<figure class=\"aligncenter size-large is-resized\"><img fetchpriority=\"high\" decoding=\"async\" width=\"1024\" height=\"948\" src=\"https:\/\/la-luz.fr\/wp-content\/uploads\/2025\/11\/Expand-Your-Mind-I-Ashram-de-Yoga-Sivananda--1024x948.jpeg\" alt=\"\" class=\"wp-image-1210\" style=\"width:288px;height:auto\" srcset=\"https:\/\/la-luz.fr\/wp-content\/uploads\/2025\/11\/Expand-Your-Mind-I-Ashram-de-Yoga-Sivananda--1024x948.jpeg 1024w, https:\/\/la-luz.fr\/wp-content\/uploads\/2025\/11\/Expand-Your-Mind-I-Ashram-de-Yoga-Sivananda--300x278.jpeg 300w, https:\/\/la-luz.fr\/wp-content\/uploads\/2025\/11\/Expand-Your-Mind-I-Ashram-de-Yoga-Sivananda--768x711.jpeg 768w, https:\/\/la-luz.fr\/wp-content\/uploads\/2025\/11\/Expand-Your-Mind-I-Ashram-de-Yoga-Sivananda--600x556.jpeg 600w, https:\/\/la-luz.fr\/wp-content\/uploads\/2025\/11\/Expand-Your-Mind-I-Ashram-de-Yoga-Sivananda-.jpeg 1080w\" sizes=\"(max-width: 1024px) 100vw, 1024px\" \/><\/figure>\n<\/div>\n\n\n<p>Du 24 au 29 avril 2026, je propose une retraite de yoga traditionnel au sein de l&rsquo;Ashram Sivananda \u00e0 Neuville aux bois (proche d&rsquo;Orl\u00e9ans).<\/p>\n\n\n\n<p>Ensemble, nous allons exp\u00e9rimenter la vie yogique \u00e0 l&rsquo;aide des cours de hatha yoga deux fois par jour, des satsangs (m\u00e9ditation, chants et conf\u00e9rence) et du karma yoga ou service d\u00e9sint\u00e9ress\u00e9. Durant votre temps libre, vous pourrez profiter du parc exceptionnel de l&rsquo;ashram avec ses arbres centenaires, marcher, lire ou juste ne rien faire.<\/p>\n\n\n\n<p><strong>C\u2019est quoi un Ashram ?<\/strong><br>C\u2019est un lieu de pratique spirituelle (ici autour de l\u2019enseignement du yoga). C\u2019est une<br>communaut\u00e9 qui vit ensemble, pratique ensemble et travaille ensemble. Il y a des personnes qui y<br>vivent de fa\u00e7on permanente : des Swamis (individus qui ont renonc\u00e9 \u00e0 la vie mat\u00e9rielle), le staff permanent, des b\u00e9n\u00e9voles, des personnes en formation, des salari\u00e9s et puis des gens comme vous et moi, de passage, qui viennent exp\u00e9rimenter sur un temps donn\u00e9 la vie yogique. L\u2019ashram fonctionne sur le principe du b\u00e9n\u00e9volat et est \u00e0 but non lucratif.<br>Ce que peut vous apporter une retraite \u00e0 l\u2019ashram : l\u2019exp\u00e9rience d\u2019une vie simple, dans le<br>partage, en laissant de c\u00f4t\u00e9 le quotidien et les in\u00e9puisables d\u00e9sirs. C\u2019est aussi une belle fa\u00e7on de<br>prendre du recul sur notre fa\u00e7on de vivre, d\u2019observer notre agitation et s\u2019interroger sur notre<br>existence. Revenir \u00e0 la maison avec des petites cl\u00e9s pour plus de calme et de pr\u00e9sence.<\/p>\n\n\n\n<p><strong>Le karma yoga c\u2019est quoi ?<\/strong><br>La voie du yoga ne se limite pas aux cours de postures et de respiration (hatha yoga). On<br>retrouve aussi la notion de karma yoga ou le service d\u00e9sint\u00e9ress\u00e9 (ou encore le b\u00e9n\u00e9volat). Une<br>heure par jour nous participerons donc \u00e0 la vie de la communaut\u00e9 en donnant de notre temps<br>gratuitement : vaisselle, coupe de l\u00e9gumes, m\u00e9nage et rangement, potager etc.. Autant d\u2019activit\u00e9s<br>qui renforce l\u2019esprit de don et d\u2019utilit\u00e9, et qui supprime l\u2019\u00e9go\u00efsme. C\u2019est aussi l\u2019occasion de faire<br>des rencontres, cr\u00e9er des liens, partager la t\u00e2che de fa\u00e7on agr\u00e9able.<\/p>\n\n\n\n<p><strong>Planning d\u2019une journ\u00e9e :<\/strong><br>6H : Satsang (m\u00e9ditation, chants, et conf\u00e9rence)<br>8H : Pratique de hatha yoga<br>10H : Repas v\u00e9g\u00e9tarien<br>10H45 : 1h de karma yoga (service)<br>12H : Conf\u00e9rence<br>13H \u2192 16H : Temps libre (promenade, repos, lecture)<br>16H : Pratique de hatha yoga<br>18H : Repas v\u00e9g\u00e9tarien<br>20H : Satsang (m\u00e9ditation, chants et conf\u00e9rence)<br>21H30 : Coucher<\/p>\n\n\n<div class=\"wp-block-image\">\n<figure class=\"aligncenter size-large is-resized\"><img decoding=\"async\" width=\"1024\" height=\"948\" src=\"https:\/\/la-luz.fr\/wp-content\/uploads\/2025\/11\/The-Magic-of-Yogic-Breathing-Ashram-de-Yoga-Sivananda-1024x948.jpeg\" alt=\"\" class=\"wp-image-1211\" style=\"width:230px;height:auto\" srcset=\"https:\/\/la-luz.fr\/wp-content\/uploads\/2025\/11\/The-Magic-of-Yogic-Breathing-Ashram-de-Yoga-Sivananda-1024x948.jpeg 1024w, https:\/\/la-luz.fr\/wp-content\/uploads\/2025\/11\/The-Magic-of-Yogic-Breathing-Ashram-de-Yoga-Sivananda-300x278.jpeg 300w, https:\/\/la-luz.fr\/wp-content\/uploads\/2025\/11\/The-Magic-of-Yogic-Breathing-Ashram-de-Yoga-Sivananda-768x711.jpeg 768w, https:\/\/la-luz.fr\/wp-content\/uploads\/2025\/11\/The-Magic-of-Yogic-Breathing-Ashram-de-Yoga-Sivananda-600x556.jpeg 600w, https:\/\/la-luz.fr\/wp-content\/uploads\/2025\/11\/The-Magic-of-Yogic-Breathing-Ashram-de-Yoga-Sivananda.jpeg 1080w\" sizes=\"(max-width: 1024px) 100vw, 1024px\" \/><\/figure>\n<\/div>\n\n\n<p>Pour plus de renseignements sur les tarifs et les h\u00e9bergements, merci de me contacter directement.<\/p>\n\n\n\n<p>Avec joie<\/p>\n","protected":false},"excerpt":{"rendered":"<p>Du 24 au 29 avril 2026, je propose une retraite de yoga traditionnel au sein de l&rsquo;Ashram Sivananda \u00e0 Neuville aux bois (proche d&rsquo;Orl\u00e9ans). Ensemble, nous allons exp\u00e9rimenter la vie yogique \u00e0 l&rsquo;aide des cours de hatha yoga deux fois par jour, des satsangs (m\u00e9ditation, chants et conf\u00e9rence) et du karma yoga ou service d\u00e9sint\u00e9ress\u00e9. [&hellip;]<\/p>\n","protected":false},"author":4,"featured_media":0,"parent":0,"menu_order":0,"comment_status":"closed","ping_status":"closed","template":"","meta":{"ngg_post_thumbnail":0,"footnotes":""},"class_list":["post-1205","page","type-page","status-publish","hentry"],"yoast_head":"<!-- This site is optimized with the Yoast SEO plugin v25.8 - https:\/\/yoast.com\/wordpress\/plugins\/seo\/ -->\n<title>Retraite de yoga avril 2026 - La Luz<\/title>\n<meta name=\"robots\" content=\"index, follow, max-snippet:-1, max-image-preview:large, max-video-preview:-1\" \/>\n<link rel=\"canonical\" href=\"https:\/\/la-luz.fr\/index.php\/retraite-de-yoga-traditionnel-avril-2026\/\" class=\"yoast-seo-meta-tag\" \/>\n<meta property=\"og:locale\" content=\"fr_FR\" class=\"yoast-seo-meta-tag\" \/>\n<meta property=\"og:type\" content=\"article\" class=\"yoast-seo-meta-tag\" \/>\n<meta property=\"og:title\" content=\"Retraite de yoga avril 2026 - La Luz\" class=\"yoast-seo-meta-tag\" \/>\n<meta property=\"og:description\" content=\"Du 24 au 29 avril 2026, je propose une retraite de yoga traditionnel au sein de l&rsquo;Ashram Sivananda \u00e0 Neuville aux bois (proche d&rsquo;Orl\u00e9ans). Ensemble, nous allons exp\u00e9rimenter la vie yogique \u00e0 l&rsquo;aide des cours de hatha yoga deux fois par jour, des satsangs (m\u00e9ditation, chants et conf\u00e9rence) et du karma yoga ou service d\u00e9sint\u00e9ress\u00e9. [&hellip;]\" class=\"yoast-seo-meta-tag\" \/>\n<meta property=\"og:url\" content=\"https:\/\/la-luz.fr\/index.php\/retraite-de-yoga-traditionnel-avril-2026\/\" class=\"yoast-seo-meta-tag\" \/>\n<meta property=\"og:site_name\" content=\"La Luz\" class=\"yoast-seo-meta-tag\" \/>\n<meta property=\"article:modified_time\" content=\"2026-01-15T15:41:33+00:00\" class=\"yoast-seo-meta-tag\" \/>\n<meta property=\"og:image\" content=\"https:\/\/la-luz.fr\/wp-content\/uploads\/2025\/11\/Expand-Your-Mind-I-Ashram-de-Yoga-Sivananda-.jpeg\" class=\"yoast-seo-meta-tag\" \/>\n\t<meta property=\"og:image:width\" content=\"1080\" class=\"yoast-seo-meta-tag\" \/>\n\t<meta property=\"og:image:height\" content=\"1000\" class=\"yoast-seo-meta-tag\" \/>\n\t<meta property=\"og:image:type\" content=\"image\/jpeg\" class=\"yoast-seo-meta-tag\" \/>\n<meta name=\"twitter:card\" content=\"summary_large_image\" class=\"yoast-seo-meta-tag\" \/>\n<meta name=\"twitter:label1\" content=\"Dur\u00e9e de lecture estim\u00e9e\" class=\"yoast-seo-meta-tag\" \/>\n\t<meta name=\"twitter:data1\" content=\"3 minutes\" class=\"yoast-seo-meta-tag\" \/>\n<script type=\"application\/ld+json\" class=\"yoast-schema-graph\">{\"@context\":\"https:\/\/schema.org\",\"@graph\":[{\"@type\":\"WebPage\",\"@id\":\"https:\/\/la-luz.fr\/index.php\/retraite-de-yoga-traditionnel-avril-2026\/\",\"url\":\"https:\/\/la-luz.fr\/index.php\/retraite-de-yoga-traditionnel-avril-2026\/\",\"name\":\"Retraite de yoga avril 2026 - La Luz\",\"isPartOf\":{\"@id\":\"https:\/\/la-luz.fr\/#website\"},\"primaryImageOfPage\":{\"@id\":\"https:\/\/la-luz.fr\/index.php\/retraite-de-yoga-traditionnel-avril-2026\/#primaryimage\"},\"image\":{\"@id\":\"https:\/\/la-luz.fr\/index.php\/retraite-de-yoga-traditionnel-avril-2026\/#primaryimage\"},\"thumbnailUrl\":\"https:\/\/la-luz.fr\/wp-content\/uploads\/2025\/11\/Expand-Your-Mind-I-Ashram-de-Yoga-Sivananda--1024x948.jpeg\",\"datePublished\":\"2025-11-08T14:50:31+00:00\",\"dateModified\":\"2026-01-15T15:41:33+00:00\",\"breadcrumb\":{\"@id\":\"https:\/\/la-luz.fr\/index.php\/retraite-de-yoga-traditionnel-avril-2026\/#breadcrumb\"},\"inLanguage\":\"fr-FR\",\"potentialAction\":[{\"@type\":\"ReadAction\",\"target\":[\"https:\/\/la-luz.fr\/index.php\/retraite-de-yoga-traditionnel-avril-2026\/\"]}]},{\"@type\":\"ImageObject\",\"inLanguage\":\"fr-FR\",\"@id\":\"https:\/\/la-luz.fr\/index.php\/retraite-de-yoga-traditionnel-avril-2026\/#primaryimage\",\"url\":\"https:\/\/la-luz.fr\/wp-content\/uploads\/2025\/11\/Expand-Your-Mind-I-Ashram-de-Yoga-Sivananda-.jpeg\",\"contentUrl\":\"https:\/\/la-luz.fr\/wp-content\/uploads\/2025\/11\/Expand-Your-Mind-I-Ashram-de-Yoga-Sivananda-.jpeg\",\"width\":1080,\"height\":1000},{\"@type\":\"BreadcrumbList\",\"@id\":\"https:\/\/la-luz.fr\/index.php\/retraite-de-yoga-traditionnel-avril-2026\/#breadcrumb\",\"itemListElement\":[{\"@type\":\"ListItem\",\"position\":1,\"name\":\"Accueil\",\"item\":\"https:\/\/la-luz.fr\/\"},{\"@type\":\"ListItem\",\"position\":2,\"name\":\"Retraite de yoga avril 2026\"}]},{\"@type\":\"WebSite\",\"@id\":\"https:\/\/la-luz.fr\/#website\",\"url\":\"https:\/\/la-luz.fr\/\",\"name\":\"La Luz\",\"description\":\"\",\"potentialAction\":[{\"@type\":\"SearchAction\",\"target\":{\"@type\":\"EntryPoint\",\"urlTemplate\":\"https:\/\/la-luz.fr\/?s={search_term_string}\"},\"query-input\":{\"@type\":\"PropertyValueSpecification\",\"valueRequired\":true,\"valueName\":\"search_term_string\"}}],\"inLanguage\":\"fr-FR\"}]}<\/script>\n<!-- \/ Yoast SEO plugin. -->","yoast_head_json":{"title":"Retraite de yoga avril 2026 - La Luz","robots":{"index":"index","follow":"follow","max-snippet":"max-snippet:-1","max-image-preview":"max-image-preview:large","max-video-preview":"max-video-preview:-1"},"canonical":"https:\/\/la-luz.fr\/index.php\/retraite-de-yoga-traditionnel-avril-2026\/","og_locale":"fr_FR","og_type":"article","og_title":"Retraite de yoga avril 2026 - La Luz","og_description":"Du 24 au 29 avril 2026, je propose une retraite de yoga traditionnel au sein de l&rsquo;Ashram Sivananda \u00e0 Neuville aux bois (proche d&rsquo;Orl\u00e9ans). Ensemble, nous allons exp\u00e9rimenter la vie yogique \u00e0 l&rsquo;aide des cours de hatha yoga deux fois par jour, des satsangs (m\u00e9ditation, chants et conf\u00e9rence) et du karma yoga ou service d\u00e9sint\u00e9ress\u00e9. [&hellip;]","og_url":"https:\/\/la-luz.fr\/index.php\/retraite-de-yoga-traditionnel-avril-2026\/","og_site_name":"La Luz","article_modified_time":"2026-01-15T15:41:33+00:00","og_image":[{"width":1080,"height":1000,"url":"https:\/\/la-luz.fr\/wp-content\/uploads\/2025\/11\/Expand-Your-Mind-I-Ashram-de-Yoga-Sivananda-.jpeg","type":"image\/jpeg"}],"twitter_card":"summary_large_image","twitter_misc":{"Dur\u00e9e de lecture estim\u00e9e":"3 minutes"},"schema":{"@context":"https:\/\/schema.org","@graph":[{"@type":"WebPage","@id":"https:\/\/la-luz.fr\/index.php\/retraite-de-yoga-traditionnel-avril-2026\/","url":"https:\/\/la-luz.fr\/index.php\/retraite-de-yoga-traditionnel-avril-2026\/","name":"Retraite de yoga avril 2026 - La Luz","isPartOf":{"@id":"https:\/\/la-luz.fr\/#website"},"primaryImageOfPage":{"@id":"https:\/\/la-luz.fr\/index.php\/retraite-de-yoga-traditionnel-avril-2026\/#primaryimage"},"image":{"@id":"https:\/\/la-luz.fr\/index.php\/retraite-de-yoga-traditionnel-avril-2026\/#primaryimage"},"thumbnailUrl":"https:\/\/la-luz.fr\/wp-content\/uploads\/2025\/11\/Expand-Your-Mind-I-Ashram-de-Yoga-Sivananda--1024x948.jpeg","datePublished":"2025-11-08T14:50:31+00:00","dateModified":"2026-01-15T15:41:33+00:00","breadcrumb":{"@id":"https:\/\/la-luz.fr\/index.php\/retraite-de-yoga-traditionnel-avril-2026\/#breadcrumb"},"inLanguage":"fr-FR","potentialAction":[{"@type":"ReadAction","target":["https:\/\/la-luz.fr\/index.php\/retraite-de-yoga-traditionnel-avril-2026\/"]}]},{"@type":"ImageObject","inLanguage":"fr-FR","@id":"https:\/\/la-luz.fr\/index.php\/retraite-de-yoga-traditionnel-avril-2026\/#primaryimage","url":"https:\/\/la-luz.fr\/wp-content\/uploads\/2025\/11\/Expand-Your-Mind-I-Ashram-de-Yoga-Sivananda-.jpeg","contentUrl":"https:\/\/la-luz.fr\/wp-content\/uploads\/2025\/11\/Expand-Your-Mind-I-Ashram-de-Yoga-Sivananda-.jpeg","width":1080,"height":1000},{"@type":"BreadcrumbList","@id":"https:\/\/la-luz.fr\/index.php\/retraite-de-yoga-traditionnel-avril-2026\/#breadcrumb","itemListElement":[{"@type":"ListItem","position":1,"name":"Accueil","item":"https:\/\/la-luz.fr\/"},{"@type":"ListItem","position":2,"name":"Retraite de yoga avril 2026"}]},{"@type":"WebSite","@id":"https:\/\/la-luz.fr\/#website","url":"https:\/\/la-luz.fr\/","name":"La Luz","description":"","potentialAction":[{"@type":"SearchAction","target":{"@type":"EntryPoint","urlTemplate":"https:\/\/la-luz.fr\/?s={search_term_string}"},"query-input":{"@type":"PropertyValueSpecification","valueRequired":true,"valueName":"search_term_string"}}],"inLanguage":"fr-FR"}]}},"featured_media_urls":[],"_links":{"self":[{"href":"https:\/\/la-luz.fr\/index.php\/wp-json\/wp\/v2\/pages\/1205","targetHints":{"allow":["GET"]}}],"collection":[{"href":"https:\/\/la-luz.fr\/index.php\/wp-json\/wp\/v2\/pages"}],"about":[{"href":"https:\/\/la-luz.fr\/index.php\/wp-json\/wp\/v2\/types\/page"}],"author":[{"embeddable":true,"href":"https:\/\/la-luz.fr\/index.php\/wp-json\/wp\/v2\/users\/4"}],"replies":[{"embeddable":true,"href":"https:\/\/la-luz.fr\/index.php\/wp-json\/wp\/v2\/comments?post=1205"}],"version-history":[{"count":4,"href":"https:\/\/la-luz.fr\/index.php\/wp-json\/wp\/v2\/pages\/1205\/revisions"}],"predecessor-version":[{"id":1228,"href":"https:\/\/la-luz.fr\/index.php\/wp-json\/wp\/v2\/pages\/1205\/revisions\/1228"}],"wp:attachment":[{"href":"https:\/\/la-luz.fr\/index.php\/wp-json\/wp\/v2\/media?parent=1205"}],"curies":[{"name":"wp","href":"https:\/\/api.w.org\/{rel}","templated":true}]}}