{"id":18,"date":"2023-06-29T20:03:12","date_gmt":"2023-06-29T20:03:12","guid":{"rendered":"https:\/\/la-luz.fr\/?page_id=18"},"modified":"2023-09-29T07:52:34","modified_gmt":"2023-09-29T07:52:34","slug":"beaux-portfolios-pour-des-creatifs-exceptionnels","status":"publish","type":"page","link":"https:\/\/la-luz.fr\/index.php\/beaux-portfolios-pour-des-creatifs-exceptionnels\/","title":{"rendered":"Beaux portfolios pour des cr\u00e9atifs exceptionnels"},"content":{"rendered":"\n<p class=\"has-text-align-center\"><meta charset=\"utf-8\">This is some dummy copy. You\u2019re not really supposed to read this dummy copy, it is just a placeholder for people who need some type to visualize what the actual copy might look like if it were real content.<\/p>\n\n\n\n<div style=\"height:55px\" aria-hidden=\"true\" class=\"wp-block-spacer\"><\/div>\n\n\n\n<div class=\"wp-block-group alignfull has-background\" style=\"background-color:#e5e9ec\"><div class=\"wp-block-group__inner-container is-layout-flow wp-block-group-is-layout-flow\">\n<div class=\"wp-block-columns is-layout-flex wp-container-core-columns-is-layout-9d6595d7 wp-block-columns-is-layout-flex\">\n<div class=\"wp-block-column is-vertically-aligned-center is-layout-flow wp-block-column-is-layout-flow\">\n<h2 class=\"wp-block-heading\">A propos de moi <\/h2>\n\n\n\n<p>&#8211; A propos :<\/p>\n\n\n\n<p>Je m&rsquo;appelle B\u00e9r\u00e9nice P\u00e9an, je suis pratiquante de hatha yoga depuis 2018. Je l&rsquo;enseigne en cours collectif et individuel, depuis 2021. Je suis aussi infirmi\u00e8re depuis 8 ans.<\/p>\n\n\n\n<p>Ma formation initiale s&rsquo;est d\u00e9roul\u00e9e \u00e0 l&rsquo;Ashram de yoga Sivananda, \u00e0 c\u00f4t\u00e9 d&rsquo;Orl\u00e9ans. Passionn\u00e9e par cette voie et cette discipline de vie, je d\u00e9cide d&rsquo;y rester en tant que b\u00e9n\u00e9vole, une ann\u00e9e enti\u00e8re, afin de m&rsquo;y consacrer pleinement. Enseignement, r\u00e9ception, cuisine&nbsp;ayurv\u00e9dique, permaculture, vie en collectivit\u00e9; j&rsquo;apprends \u00e9norm\u00e9ment sur moi-m\u00eame et sur les autres. La vie en ashram offre la possibilit\u00e9 de ressentir les bienfaits de la vie yogique sur le long terme.<\/p>\n\n\n\n<p>Ensuite, anim\u00e9e par mon m\u00e9tier de base, infirmi\u00e8re, je souhaite me sp\u00e9cialiser dans le yoga adapt\u00e9, pour apporter plus de justesse et de possibilit\u00e9s \u00e0 tous, avec comme projet d&rsquo;amener le yoga dans les structures de soins.<\/p>\n\n\n\n<p>C&rsquo;est ce que je souhaite partager et transmettre aujourd&rsquo;hui avec le coeur&nbsp;: un yoga en simplicit\u00e9, ou le mental et le corps peuvent trouver un espace de repos. Un yoga adapt\u00e9 \u00e0 tous, aux capacit\u00e9s, aux pathologies et aux handicaps.&nbsp;<\/p>\n\n\n\n<div class=\"wp-block-buttons is-horizontal is-content-justification-left is-layout-flex wp-container-core-buttons-is-layout-7e5fce0a wp-block-buttons-is-layout-flex\">\n<div class=\"wp-block-button is-style-outline is-style-outline--1\"><a class=\"wp-block-button__link wp-element-button\" href=\"#\">About Us<\/a><\/div>\n<\/div>\n\n\n\n<p><\/p>\n<\/div>\n\n\n\n<div class=\"wp-block-column is-layout-flow wp-block-column-is-layout-flow\">\n<div style=\"height:48px\" aria-hidden=\"true\" class=\"wp-block-spacer\"><\/div>\n\n\n\n<figure class=\"wp-block-image size-large\"><img decoding=\"async\" src=\"https:\/\/la-luz.fr\/wp-content\/themes\/inspiro\/assets\/images\/StockSnap_JKMGVEJMPU.jpg\" alt=\"\" class=\"wp-image-26\"\/><\/figure>\n<\/div>\n<\/div>\n<\/div><\/div>\n\n\n\n<div class=\"wp-block-group alignfull\"><div class=\"wp-block-group__inner-container is-layout-flow wp-block-group-is-layout-flow\">\n<div class=\"wp-block-columns are-vertically-aligned-center is-layout-flex wp-container-core-columns-is-layout-9d6595d7 wp-block-columns-is-layout-flex\">\n<div class=\"wp-block-column is-vertically-aligned-center is-layout-flow wp-block-column-is-layout-flow\">\n<div style=\"height:48px\" aria-hidden=\"true\" class=\"wp-block-spacer\"><\/div>\n\n\n\n<figure class=\"wp-block-image size-large\"><img decoding=\"async\" src=\"https:\/\/la-luz.fr\/wp-content\/themes\/inspiro\/assets\/images\/StockSnap_M6D1GS9PSL.jpg\" alt=\"\" class=\"wp-image-27\"\/><\/figure>\n<\/div>\n\n\n\n<div class=\"wp-block-column is-vertically-aligned-center is-layout-flow wp-block-column-is-layout-flow\">\n<h2 class=\"wp-block-heading\">Mes services <\/h2>\n\n\n\n<p>je vous propose mes services en tant que &#8230;&#8230;&#8230;&#8230;&#8230;&#8230;&#8230;&#8230;&#8230;.. et &#8230;&#8230;&#8230;&#8230;&#8230;&#8230;&#8230;&#8230;&#8230;. <\/p>\n\n\n\n<div class=\"wp-block-buttons is-layout-flex wp-block-buttons-is-layout-flex\">\n<div class=\"wp-block-button is-style-outline is-style-outline--2\"><a class=\"wp-block-button__link wp-element-button\" href=\"#\">Services<\/a><\/div>\n<\/div>\n<\/div>\n<\/div>\n<\/div><\/div>\n\n\n\n<div class=\"wp-block-group alignfull has-black-background-color has-background\"><div class=\"wp-block-group__inner-container is-layout-flow wp-block-group-is-layout-flow\">\n<h2 class=\"wp-block-heading has-text-align-center has-white-color has-text-color\"><strong>Gallery<\/strong><\/h2>\n\n\n\n<figure class=\"wp-block-gallery aligncenter has-nested-images columns-default is-cropped wp-block-gallery-3 is-layout-flex wp-block-gallery-is-layout-flex\">\n<figure class=\"wp-block-image size-full\"><img fetchpriority=\"high\" decoding=\"async\" width=\"749\" height=\"453\" data-id=\"11\" src=\"https:\/\/la-luz.fr\/wp-content\/uploads\/2023\/06\/received_245533034901476.jpeg\" alt=\"\" class=\"wp-image-11\" srcset=\"https:\/\/la-luz.fr\/wp-content\/uploads\/2023\/06\/received_245533034901476.jpeg 749w, https:\/\/la-luz.fr\/wp-content\/uploads\/2023\/06\/received_245533034901476-300x181.jpeg 300w, https:\/\/la-luz.fr\/wp-content\/uploads\/2023\/06\/received_245533034901476-600x363.jpeg 600w\" sizes=\"(max-width: 749px) 100vw, 749px\" \/><\/figure>\n\n\n\n<figure class=\"wp-block-image size-large\"><img decoding=\"async\" width=\"1024\" height=\"461\" data-id=\"14\" src=\"https:\/\/la-luz.fr\/wp-content\/uploads\/2023\/06\/received_1994686417551675-1024x461.jpeg\" alt=\"\" class=\"wp-image-14\" srcset=\"https:\/\/la-luz.fr\/wp-content\/uploads\/2023\/06\/received_1994686417551675-1024x461.jpeg 1024w, https:\/\/la-luz.fr\/wp-content\/uploads\/2023\/06\/received_1994686417551675-300x135.jpeg 300w, https:\/\/la-luz.fr\/wp-content\/uploads\/2023\/06\/received_1994686417551675-768x345.jpeg 768w, https:\/\/la-luz.fr\/wp-content\/uploads\/2023\/06\/received_1994686417551675-1536x691.jpeg 1536w, https:\/\/la-luz.fr\/wp-content\/uploads\/2023\/06\/received_1994686417551675-2048x921.jpeg 2048w, https:\/\/la-luz.fr\/wp-content\/uploads\/2023\/06\/received_1994686417551675-600x270.jpeg 600w, https:\/\/la-luz.fr\/wp-content\/uploads\/2023\/06\/received_1994686417551675-1200x540.jpeg 1200w\" sizes=\"(max-width: 1024px) 100vw, 1024px\" \/><\/figure>\n\n\n\n<figure class=\"wp-block-image size-large\"><img decoding=\"async\" width=\"1024\" height=\"671\" data-id=\"7\" src=\"https:\/\/la-luz.fr\/wp-content\/uploads\/2023\/06\/received_995779894940641-1024x671.jpeg\" alt=\"\" class=\"wp-image-7\" srcset=\"https:\/\/la-luz.fr\/wp-content\/uploads\/2023\/06\/received_995779894940641-1024x671.jpeg 1024w, https:\/\/la-luz.fr\/wp-content\/uploads\/2023\/06\/received_995779894940641-300x197.jpeg 300w, https:\/\/la-luz.fr\/wp-content\/uploads\/2023\/06\/received_995779894940641-768x503.jpeg 768w, https:\/\/la-luz.fr\/wp-content\/uploads\/2023\/06\/received_995779894940641-1536x1006.jpeg 1536w, https:\/\/la-luz.fr\/wp-content\/uploads\/2023\/06\/received_995779894940641-2048x1342.jpeg 2048w, https:\/\/la-luz.fr\/wp-content\/uploads\/2023\/06\/received_995779894940641-600x393.jpeg 600w, https:\/\/la-luz.fr\/wp-content\/uploads\/2023\/06\/received_995779894940641-1200x786.jpeg 1200w\" sizes=\"(max-width: 1024px) 100vw, 1024px\" \/><\/figure>\n\n\n\n<figure class=\"wp-block-image size-large\"><img loading=\"lazy\" decoding=\"async\" width=\"1024\" height=\"768\" data-id=\"9\" src=\"https:\/\/la-luz.fr\/wp-content\/uploads\/2023\/06\/received_120034227794722-1024x768.jpeg\" alt=\"\" class=\"wp-image-9\" srcset=\"https:\/\/la-luz.fr\/wp-content\/uploads\/2023\/06\/received_120034227794722-1024x768.jpeg 1024w, https:\/\/la-luz.fr\/wp-content\/uploads\/2023\/06\/received_120034227794722-300x225.jpeg 300w, https:\/\/la-luz.fr\/wp-content\/uploads\/2023\/06\/received_120034227794722-768x576.jpeg 768w, https:\/\/la-luz.fr\/wp-content\/uploads\/2023\/06\/received_120034227794722-1536x1152.jpeg 1536w, https:\/\/la-luz.fr\/wp-content\/uploads\/2023\/06\/received_120034227794722-2048x1536.jpeg 2048w, https:\/\/la-luz.fr\/wp-content\/uploads\/2023\/06\/received_120034227794722-600x450.jpeg 600w, https:\/\/la-luz.fr\/wp-content\/uploads\/2023\/06\/received_120034227794722-1200x900.jpeg 1200w\" sizes=\"(max-width: 1024px) 100vw, 1024px\" \/><\/figure>\n\n\n\n<figure class=\"wp-block-image size-large\"><img loading=\"lazy\" decoding=\"async\" width=\"768\" height=\"1024\" data-id=\"13\" src=\"https:\/\/la-luz.fr\/wp-content\/uploads\/2023\/06\/received_1018255139090808-768x1024.jpeg\" alt=\"\" class=\"wp-image-13\" srcset=\"https:\/\/la-luz.fr\/wp-content\/uploads\/2023\/06\/received_1018255139090808-768x1024.jpeg 768w, https:\/\/la-luz.fr\/wp-content\/uploads\/2023\/06\/received_1018255139090808-225x300.jpeg 225w, https:\/\/la-luz.fr\/wp-content\/uploads\/2023\/06\/received_1018255139090808-1152x1536.jpeg 1152w, https:\/\/la-luz.fr\/wp-content\/uploads\/2023\/06\/received_1018255139090808-1536x2048.jpeg 1536w, https:\/\/la-luz.fr\/wp-content\/uploads\/2023\/06\/received_1018255139090808-600x800.jpeg 600w, https:\/\/la-luz.fr\/wp-content\/uploads\/2023\/06\/received_1018255139090808-1200x1600.jpeg 1200w, https:\/\/la-luz.fr\/wp-content\/uploads\/2023\/06\/received_1018255139090808-scaled.jpeg 1920w\" sizes=\"(max-width: 768px) 100vw, 768px\" \/><\/figure>\n\n\n\n<figure class=\"wp-block-image size-large\"><img decoding=\"async\" data-id=\"29\" src=\"https:\/\/la-luz.fr\/wp-content\/themes\/inspiro\/assets\/images\/StockSnap_PGXCCTCLB5.jpg\" alt=\"\" class=\"wp-image-29\"\/><\/figure>\n<\/figure>\n<\/div><\/div>\n\n\n\n<div class=\"wp-block-cover alignfull has-parallax is-position-center-center\" style=\"min-height:375px;aspect-ratio:unset;\"><span aria-hidden=\"true\" class=\"wp-block-cover__background has-black-background-color has-background-dim-40 has-background-dim\"><\/span><div role=\"img\" class=\"wp-block-cover__image-background wp-image-24 has-parallax\" style=\"background-position:50% 50%;background-image:url(https:\/\/la-luz.fr\/wp-content\/themes\/inspiro\/assets\/images\/StockSnap_89BQZ89TLH.jpg)\"><\/div><div class=\"wp-block-cover__inner-container is-layout-flow wp-block-cover-is-layout-flow\">\n<p class=\"has-text-align-center has-text-color has-huge-font-size\" style=\"color:#fffffa;line-height:1.1\">Convaincu de mes services ?<\/p>\n\n\n\n<p class=\"has-text-align-center\">Contactez moi si vous d\u00e9sirez en savoir plus. A tout de suite <p class=\"has-text-align-center\" style=\"color:#ffffff;\"><\/p><\/p>\n\n\n\n<div style=\"height:39px\" aria-hidden=\"true\" class=\"wp-block-spacer\"><\/div>\n\n\n\n<div class=\"wp-block-buttons is-horizontal is-content-justification-center is-layout-flex wp-container-core-buttons-is-layout-499968f5 wp-block-buttons-is-layout-flex\">\n<div class=\"wp-block-button is-style-outline is-style-outline--4\"><a class=\"wp-block-button__link has-white-color has-text-color wp-element-button\" href=\"#\">Contactez moi<\/a><\/div>\n<\/div>\n<\/div><\/div>\n","protected":false},"excerpt":{"rendered":"<p>This is some dummy copy. You\u2019re not really supposed to read this dummy copy, it is just a placeholder for people who need some type to visualize what the actual copy might look like if it were real content. A propos de moi &#8211; A propos : Je m&rsquo;appelle B\u00e9r\u00e9nice P\u00e9an, je suis pratiquante de [&hellip;]<\/p>\n","protected":false},"author":1,"featured_media":17,"parent":0,"menu_order":0,"comment_status":"closed","ping_status":"closed","template":"","meta":{"ngg_post_thumbnail":0,"footnotes":""},"class_list":["post-18","page","type-page","status-publish","has-post-thumbnail","hentry"],"yoast_head":"<!-- This site is optimized with the Yoast SEO plugin v25.8 - https:\/\/yoast.com\/wordpress\/plugins\/seo\/ -->\n<title>Beaux portfolios pour des cr\u00e9atifs exceptionnels - La Luz<\/title>\n<meta name=\"robots\" content=\"index, follow, max-snippet:-1, max-image-preview:large, max-video-preview:-1\" \/>\n<link rel=\"canonical\" href=\"https:\/\/la-luz.fr\/index.php\/beaux-portfolios-pour-des-creatifs-exceptionnels\/\" class=\"yoast-seo-meta-tag\" \/>\n<meta property=\"og:locale\" content=\"fr_FR\" class=\"yoast-seo-meta-tag\" \/>\n<meta property=\"og:type\" content=\"article\" class=\"yoast-seo-meta-tag\" \/>\n<meta property=\"og:title\" content=\"Beaux portfolios pour des cr\u00e9atifs exceptionnels - La Luz\" class=\"yoast-seo-meta-tag\" \/>\n<meta property=\"og:description\" content=\"This is some dummy copy. You\u2019re not really supposed to read this dummy copy, it is just a placeholder for people who need some type to visualize what the actual copy might look like if it were real content. A propos de moi &#8211; A propos : Je m&rsquo;appelle B\u00e9r\u00e9nice P\u00e9an, je suis pratiquante de [&hellip;]\" class=\"yoast-seo-meta-tag\" \/>\n<meta property=\"og:url\" content=\"https:\/\/la-luz.fr\/index.php\/beaux-portfolios-pour-des-creatifs-exceptionnels\/\" class=\"yoast-seo-meta-tag\" \/>\n<meta property=\"og:site_name\" content=\"La Luz\" class=\"yoast-seo-meta-tag\" \/>\n<meta property=\"article:modified_time\" content=\"2023-09-29T07:52:34+00:00\" class=\"yoast-seo-meta-tag\" \/>\n<meta property=\"og:image\" content=\"https:\/\/la-luz.fr\/wp-content\/uploads\/2023\/06\/StockSnap_M6D1GS9PSL.jpg\" class=\"yoast-seo-meta-tag\" \/>\n\t<meta property=\"og:image:width\" content=\"2000\" class=\"yoast-seo-meta-tag\" \/>\n\t<meta property=\"og:image:height\" content=\"1317\" class=\"yoast-seo-meta-tag\" \/>\n\t<meta property=\"og:image:type\" content=\"image\/jpeg\" class=\"yoast-seo-meta-tag\" \/>\n<meta name=\"twitter:card\" content=\"summary_large_image\" class=\"yoast-seo-meta-tag\" \/>\n<meta name=\"twitter:label1\" content=\"Dur\u00e9e de lecture estim\u00e9e\" class=\"yoast-seo-meta-tag\" \/>\n\t<meta name=\"twitter:data1\" content=\"1 minute\" class=\"yoast-seo-meta-tag\" \/>\n<script type=\"application\/ld+json\" class=\"yoast-schema-graph\">{\"@context\":\"https:\/\/schema.org\",\"@graph\":[{\"@type\":\"WebPage\",\"@id\":\"https:\/\/la-luz.fr\/index.php\/beaux-portfolios-pour-des-creatifs-exceptionnels\/\",\"url\":\"https:\/\/la-luz.fr\/index.php\/beaux-portfolios-pour-des-creatifs-exceptionnels\/\",\"name\":\"Beaux portfolios pour des cr\u00e9atifs exceptionnels - La Luz\",\"isPartOf\":{\"@id\":\"https:\/\/la-luz.fr\/#website\"},\"primaryImageOfPage\":{\"@id\":\"https:\/\/la-luz.fr\/index.php\/beaux-portfolios-pour-des-creatifs-exceptionnels\/#primaryimage\"},\"image\":{\"@id\":\"https:\/\/la-luz.fr\/index.php\/beaux-portfolios-pour-des-creatifs-exceptionnels\/#primaryimage\"},\"thumbnailUrl\":\"https:\/\/la-luz.fr\/wp-content\/uploads\/2023\/06\/StockSnap_M6D1GS9PSL.jpg\",\"datePublished\":\"2023-06-29T20:03:12+00:00\",\"dateModified\":\"2023-09-29T07:52:34+00:00\",\"breadcrumb\":{\"@id\":\"https:\/\/la-luz.fr\/index.php\/beaux-portfolios-pour-des-creatifs-exceptionnels\/#breadcrumb\"},\"inLanguage\":\"fr-FR\",\"potentialAction\":[{\"@type\":\"ReadAction\",\"target\":[\"https:\/\/la-luz.fr\/index.php\/beaux-portfolios-pour-des-creatifs-exceptionnels\/\"]}]},{\"@type\":\"ImageObject\",\"inLanguage\":\"fr-FR\",\"@id\":\"https:\/\/la-luz.fr\/index.php\/beaux-portfolios-pour-des-creatifs-exceptionnels\/#primaryimage\",\"url\":\"https:\/\/la-luz.fr\/wp-content\/uploads\/2023\/06\/StockSnap_M6D1GS9PSL.jpg\",\"contentUrl\":\"https:\/\/la-luz.fr\/wp-content\/uploads\/2023\/06\/StockSnap_M6D1GS9PSL.jpg\",\"width\":2000,\"height\":1317},{\"@type\":\"BreadcrumbList\",\"@id\":\"https:\/\/la-luz.fr\/index.php\/beaux-portfolios-pour-des-creatifs-exceptionnels\/#breadcrumb\",\"itemListElement\":[{\"@type\":\"ListItem\",\"position\":1,\"name\":\"Accueil\",\"item\":\"https:\/\/la-luz.fr\/\"},{\"@type\":\"ListItem\",\"position\":2,\"name\":\"Beaux portfolios pour des cr\u00e9atifs exceptionnels\"}]},{\"@type\":\"WebSite\",\"@id\":\"https:\/\/la-luz.fr\/#website\",\"url\":\"https:\/\/la-luz.fr\/\",\"name\":\"La Luz\",\"description\":\"\",\"potentialAction\":[{\"@type\":\"SearchAction\",\"target\":{\"@type\":\"EntryPoint\",\"urlTemplate\":\"https:\/\/la-luz.fr\/?s={search_term_string}\"},\"query-input\":{\"@type\":\"PropertyValueSpecification\",\"valueRequired\":true,\"valueName\":\"search_term_string\"}}],\"inLanguage\":\"fr-FR\"}]}<\/script>\n<!-- \/ Yoast SEO plugin. -->","yoast_head_json":{"title":"Beaux portfolios pour des cr\u00e9atifs exceptionnels - La Luz","robots":{"index":"index","follow":"follow","max-snippet":"max-snippet:-1","max-image-preview":"max-image-preview:large","max-video-preview":"max-video-preview:-1"},"canonical":"https:\/\/la-luz.fr\/index.php\/beaux-portfolios-pour-des-creatifs-exceptionnels\/","og_locale":"fr_FR","og_type":"article","og_title":"Beaux portfolios pour des cr\u00e9atifs exceptionnels - La Luz","og_description":"This is some dummy copy. You\u2019re not really supposed to read this dummy copy, it is just a placeholder for people who need some type to visualize what the actual copy might look like if it were real content. A propos de moi &#8211; A propos : Je m&rsquo;appelle B\u00e9r\u00e9nice P\u00e9an, je suis pratiquante de [&hellip;]","og_url":"https:\/\/la-luz.fr\/index.php\/beaux-portfolios-pour-des-creatifs-exceptionnels\/","og_site_name":"La Luz","article_modified_time":"2023-09-29T07:52:34+00:00","og_image":[{"width":2000,"height":1317,"url":"https:\/\/la-luz.fr\/wp-content\/uploads\/2023\/06\/StockSnap_M6D1GS9PSL.jpg","type":"image\/jpeg"}],"twitter_card":"summary_large_image","twitter_misc":{"Dur\u00e9e de lecture estim\u00e9e":"1 minute"},"schema":{"@context":"https:\/\/schema.org","@graph":[{"@type":"WebPage","@id":"https:\/\/la-luz.fr\/index.php\/beaux-portfolios-pour-des-creatifs-exceptionnels\/","url":"https:\/\/la-luz.fr\/index.php\/beaux-portfolios-pour-des-creatifs-exceptionnels\/","name":"Beaux portfolios pour des cr\u00e9atifs exceptionnels - La Luz","isPartOf":{"@id":"https:\/\/la-luz.fr\/#website"},"primaryImageOfPage":{"@id":"https:\/\/la-luz.fr\/index.php\/beaux-portfolios-pour-des-creatifs-exceptionnels\/#primaryimage"},"image":{"@id":"https:\/\/la-luz.fr\/index.php\/beaux-portfolios-pour-des-creatifs-exceptionnels\/#primaryimage"},"thumbnailUrl":"https:\/\/la-luz.fr\/wp-content\/uploads\/2023\/06\/StockSnap_M6D1GS9PSL.jpg","datePublished":"2023-06-29T20:03:12+00:00","dateModified":"2023-09-29T07:52:34+00:00","breadcrumb":{"@id":"https:\/\/la-luz.fr\/index.php\/beaux-portfolios-pour-des-creatifs-exceptionnels\/#breadcrumb"},"inLanguage":"fr-FR","potentialAction":[{"@type":"ReadAction","target":["https:\/\/la-luz.fr\/index.php\/beaux-portfolios-pour-des-creatifs-exceptionnels\/"]}]},{"@type":"ImageObject","inLanguage":"fr-FR","@id":"https:\/\/la-luz.fr\/index.php\/beaux-portfolios-pour-des-creatifs-exceptionnels\/#primaryimage","url":"https:\/\/la-luz.fr\/wp-content\/uploads\/2023\/06\/StockSnap_M6D1GS9PSL.jpg","contentUrl":"https:\/\/la-luz.fr\/wp-content\/uploads\/2023\/06\/StockSnap_M6D1GS9PSL.jpg","width":2000,"height":1317},{"@type":"BreadcrumbList","@id":"https:\/\/la-luz.fr\/index.php\/beaux-portfolios-pour-des-creatifs-exceptionnels\/#breadcrumb","itemListElement":[{"@type":"ListItem","position":1,"name":"Accueil","item":"https:\/\/la-luz.fr\/"},{"@type":"ListItem","position":2,"name":"Beaux portfolios pour des cr\u00e9atifs exceptionnels"}]},{"@type":"WebSite","@id":"https:\/\/la-luz.fr\/#website","url":"https:\/\/la-luz.fr\/","name":"La Luz","description":"","potentialAction":[{"@type":"SearchAction","target":{"@type":"EntryPoint","urlTemplate":"https:\/\/la-luz.fr\/?s={search_term_string}"},"query-input":{"@type":"PropertyValueSpecification","valueRequired":true,"valueName":"search_term_string"}}],"inLanguage":"fr-FR"}]}},"featured_media_urls":{"thumbnail":["https:\/\/la-luz.fr\/wp-content\/uploads\/2023\/06\/StockSnap_M6D1GS9PSL-150x150.jpg",150,150,true],"medium":["https:\/\/la-luz.fr\/wp-content\/uploads\/2023\/06\/StockSnap_M6D1GS9PSL-300x198.jpg",300,198,true],"medium_large":["https:\/\/la-luz.fr\/wp-content\/uploads\/2023\/06\/StockSnap_M6D1GS9PSL-768x506.jpg",768,506,true],"large":["https:\/\/la-luz.fr\/wp-content\/uploads\/2023\/06\/StockSnap_M6D1GS9PSL-1024x674.jpg",1024,674,true],"1536x1536":["https:\/\/la-luz.fr\/wp-content\/uploads\/2023\/06\/StockSnap_M6D1GS9PSL-1536x1011.jpg",1536,1011,true],"2048x2048":["https:\/\/la-luz.fr\/wp-content\/uploads\/2023\/06\/StockSnap_M6D1GS9PSL.jpg",2000,1317,false],"portfolio_item-thumbnail":["https:\/\/la-luz.fr\/wp-content\/uploads\/2023\/06\/StockSnap_M6D1GS9PSL.jpg",600,395,false],"portfolio_item-thumbnail@2x":["https:\/\/la-luz.fr\/wp-content\/uploads\/2023\/06\/StockSnap_M6D1GS9PSL.jpg",1200,790,false],"portfolio_item-masonry":["https:\/\/la-luz.fr\/wp-content\/uploads\/2023\/06\/StockSnap_M6D1GS9PSL.jpg",600,395,false],"portfolio_item-masonry@2x":["https:\/\/la-luz.fr\/wp-content\/uploads\/2023\/06\/StockSnap_M6D1GS9PSL.jpg",1200,790,false],"portfolio_item-thumbnail_cinema":["https:\/\/la-luz.fr\/wp-content\/uploads\/2023\/06\/StockSnap_M6D1GS9PSL.jpg",509,335,false],"portfolio_item-thumbnail_portrait":["https:\/\/la-luz.fr\/wp-content\/uploads\/2023\/06\/StockSnap_M6D1GS9PSL.jpg",600,395,false],"portfolio_item-thumbnail_portrait@2x":["https:\/\/la-luz.fr\/wp-content\/uploads\/2023\/06\/StockSnap_M6D1GS9PSL.jpg",1200,790,false],"portfolio_item-thumbnail_square":["https:\/\/la-luz.fr\/wp-content\/uploads\/2023\/06\/StockSnap_M6D1GS9PSL.jpg",800,527,false]},"_links":{"self":[{"href":"https:\/\/la-luz.fr\/index.php\/wp-json\/wp\/v2\/pages\/18","targetHints":{"allow":["GET"]}}],"collection":[{"href":"https:\/\/la-luz.fr\/index.php\/wp-json\/wp\/v2\/pages"}],"about":[{"href":"https:\/\/la-luz.fr\/index.php\/wp-json\/wp\/v2\/types\/page"}],"author":[{"embeddable":true,"href":"https:\/\/la-luz.fr\/index.php\/wp-json\/wp\/v2\/users\/1"}],"replies":[{"embeddable":true,"href":"https:\/\/la-luz.fr\/index.php\/wp-json\/wp\/v2\/comments?post=18"}],"version-history":[{"count":4,"href":"https:\/\/la-luz.fr\/index.php\/wp-json\/wp\/v2\/pages\/18\/revisions"}],"predecessor-version":[{"id":40,"href":"https:\/\/la-luz.fr\/index.php\/wp-json\/wp\/v2\/pages\/18\/revisions\/40"}],"wp:featuredmedia":[{"embeddable":true,"href":"https:\/\/la-luz.fr\/index.php\/wp-json\/wp\/v2\/media\/17"}],"wp:attachment":[{"href":"https:\/\/la-luz.fr\/index.php\/wp-json\/wp\/v2\/media?parent=18"}],"curies":[{"name":"wp","href":"https:\/\/api.w.org\/{rel}","templated":true}]}}