{"id":19,"date":"2023-06-29T20:03:13","date_gmt":"2023-06-29T20:03:13","guid":{"rendered":"https:\/\/la-luz.fr\/?page_id=19"},"modified":"2026-04-09T13:11:10","modified_gmt":"2026-04-09T13:11:10","slug":"a-propos","status":"publish","type":"page","link":"https:\/\/la-luz.fr\/index.php\/a-propos\/","title":{"rendered":"A Propos"},"content":{"rendered":"<div data-colibri-id=\"19-c1\" class=\"style-330 style-local-19-c1 position-relative\">\n  <!---->\n  <div data-colibri-component=\"section\" data-colibri-id=\"19-c2\" id=\"custom\" class=\"h-section h-section-global-spacing d-flex align-items-lg-center align-items-md-center align-items-center style-347 style-local-19-c2 position-relative\">\n    <!---->\n    <!---->\n    <div class=\"h-section-grid-container h-section-boxed-container\">\n      <!---->\n      <div data-colibri-id=\"19-c3\" class=\"h-row-container gutters-row-lg-2 gutters-row-md-2 gutters-row-0 gutters-row-v-lg-2 gutters-row-v-md-2 gutters-row-v-2 style-404 style-local-19-c3 position-relative\">\n        <!---->\n        <div class=\"h-row justify-content-lg-center justify-content-md-center justify-content-center align-items-lg-stretch align-items-md-stretch align-items-stretch gutters-col-lg-2 gutters-col-md-2 gutters-col-0 gutters-col-v-lg-2 gutters-col-v-md-2 gutters-col-v-2\">\n          <!---->\n          <div class=\"h-column h-column-container d-flex h-col-lg-auto h-col-md-auto h-col-auto style-405-outer style-local-19-c4-outer\">\n            <div data-colibri-id=\"19-c4\" class=\"d-flex h-flex-basis h-column__inner h-ui-empty-state-container h-px-lg-2 h-px-md-2 h-px-2 v-inner-lg-2 v-inner-md-2 v-inner-2 style-405 style-local-19-c4 position-relative\">\n              <!---->\n              <!---->\n              <div class=\"w-100 h-y-container h-column__content h-column__v-align flex-basis-100\">\n                <!---->\n              <\/div>\n            <\/div>\n          <\/div>\n        <\/div>\n      <\/div>\n      <div data-colibri-id=\"19-c5\" class=\"h-row-container gutters-row-lg-2 gutters-row-md-2 gutters-row-0 gutters-row-v-lg-2 gutters-row-v-md-2 gutters-row-v-2 style-348 style-local-19-c5 position-relative\">\n        <!---->\n        <div class=\"h-row justify-content-lg-center justify-content-md-center justify-content-center align-items-lg-stretch align-items-md-stretch align-items-stretch gutters-col-lg-2 gutters-col-md-2 gutters-col-0 gutters-col-v-lg-2 gutters-col-v-md-2 gutters-col-v-2\">\n          <!---->\n          <div class=\"h-column h-column-container d-flex h-col-lg-auto h-col-md-auto h-col-auto style-349-outer style-local-19-c6-outer\">\n            <div data-colibri-id=\"19-c6\" class=\"d-flex h-flex-basis h-column__inner h-px-lg-2 h-px-md-2 h-px-2 v-inner-lg-2 v-inner-md-2 v-inner-2 style-349 style-local-19-c6 position-relative\">\n              <!---->\n              <!---->\n              <div class=\"w-100 h-y-container h-column__content h-column__v-align flex-basis-100 align-self-lg-start align-self-md-start align-self-start\">\n                <!---->\n                <div data-colibri-id=\"19-c7\" class=\"d-block style-406 style-local-19-c7 position-relative h-element\">\n                  <!---->\n                  <div class=\"h-image__frame-container-outer\">\n                    <div class=\"h-image__frame-container\">\n                      <!---->\n                      <!---->\n                      <img fetchpriority=\"high\" decoding=\"async\" width=\"1198\" height=\"1198\" src=\"https:\/\/la-luz.fr\/wp-content\/uploads\/2025\/08\/cropped-cropped-ayurveda-1.jpg\" class=\"wp-image-1129 style-406-image style-local-19-c7-image\" alt=\"\" srcset=\"https:\/\/la-luz.fr\/wp-content\/uploads\/2025\/08\/cropped-cropped-ayurveda-1.jpg 1198w, https:\/\/la-luz.fr\/wp-content\/uploads\/2025\/08\/cropped-cropped-ayurveda-1-300x300.jpg 300w, https:\/\/la-luz.fr\/wp-content\/uploads\/2025\/08\/cropped-cropped-ayurveda-1-1024x1024.jpg 1024w, https:\/\/la-luz.fr\/wp-content\/uploads\/2025\/08\/cropped-cropped-ayurveda-1-150x150.jpg 150w, https:\/\/la-luz.fr\/wp-content\/uploads\/2025\/08\/cropped-cropped-ayurveda-1-768x768.jpg 768w, https:\/\/la-luz.fr\/wp-content\/uploads\/2025\/08\/cropped-cropped-ayurveda-1-600x600.jpg 600w, https:\/\/la-luz.fr\/wp-content\/uploads\/2025\/08\/cropped-cropped-ayurveda-1-800x800.jpg 800w\" sizes=\"(max-width: 1198px) 100vw, 1198px\" \/>\n                      <div class=\"h-image__frame h-hide-lg h-hide-md h-hide-sm style-406-frameImage style-local-19-c7-frameImage\"><\/div>\n                    <\/div>\n                  <\/div>\n                <\/div>\n              <\/div>\n            <\/div>\n          <\/div>\n          <div class=\"h-column h-column-container d-flex h-col-lg-auto h-col-md-auto h-col-auto style-350-outer style-local-19-c8-outer\">\n            <div data-colibri-id=\"19-c8\" class=\"d-flex h-flex-basis h-column__inner h-px-lg-2 h-px-md-2 h-px-2 v-inner-lg-2 v-inner-md-2 v-inner-2 style-350 style-local-19-c8 position-relative\">\n              <!---->\n              <!---->\n              <div class=\"w-100 h-y-container h-column__content h-column__v-align flex-basis-100 align-self-lg-start align-self-md-start align-self-start\">\n                <!---->\n                <div data-colibri-id=\"19-c9\" class=\"h-text h-text-component style-403 style-local-19-c9 position-relative h-element\">\n                  <!---->\n                  <!---->\n                  <div class=\"\">\n                    <p>Je m&rsquo;appelle B\u00e9r\u00e9nice P\u00e9an, je suis pratiquante et professeure de hatha yoga et yoga adapt\u00e9. Th\u00e9rapeute en Ayurveda et infirmi\u00e8re de formation ; apprendre et transmettre sont les bases de mon enseignement.<\/p>\n                    <p>Ma formation de professeur de yoga s&rsquo;est d\u00e9roul\u00e9e \u00e0 l&rsquo;Ashram de yoga Sivananda France. Passionn\u00e9e par cette voie et cette discipline de vie, je d\u00e9cide de m&rsquo;y consacrer une ann\u00e9e enti\u00e8re afin de vivre, m&rsquo;impr\u00e9gner et comprendre profond\u00e9ment\n                      le yoga. J&rsquo;apprends \u00e9norm\u00e9ment sur moi-m\u00eame et sur les autres. La vie en ashram nous offre la possibilit\u00e9 de ressentir les bienfaits d&rsquo;une vie simple, dans le partage avec autrui, en laissant notre ego de cot\u00e9, afin de s&rsquo;interroger\n                      sur le sens profond de notre existence. Le yoga est une hygi\u00e8ne de vie, une fa\u00e7on de vivre qui m\u00e8ne \u00e0 la joie sur le long terme, une voie de transformation profonde.<\/p>\n                    <p>Ensuite, anim\u00e9e par mon m\u00e9tier de base, infirmi\u00e8re, j&rsquo;ai souhait\u00e9 me sp\u00e9cialiser dans le yoga adapt\u00e9 afin d&rsquo; apporter plus de justesse et de possibilit\u00e9s \u00e0 tous.tes : avec un grand projet, celui d&rsquo;amener le yoga dans les structures\n                      hospitali\u00e8res pour accompagner les processus de maladie, de convalescence et de la vieillesse.<\/p>\n                    <p>Voulant augmenter mes connaissances dans le domaine de la sant\u00e9 naturelle, je chemine vers l&rsquo;Ayurv\u00e9da (syst\u00e8me de m\u00e9decine venant de l&rsquo;Inde, qui valorise la pr\u00e9vention, l&rsquo;alimentation et l&rsquo;hygi\u00e8ne de vie), aupr\u00e8s de Vaidya Atreya Smith\n                      (Docteur Ayurvedique) avec l&rsquo;Institut Europ\u00e9en des Sciences V\u00e9diques. L&rsquo;ayurv\u00e9da me permet aujourd&rsquo;hui de saisir plus intens\u00e9ment le lien corps\/esprit\/nature, me rapprochant encore plus du vivant et de l&rsquo;\u00eatre. Je propose des consultations\n                      en alimentation et en hygi\u00e8ne de vie selon les principes de l&rsquo;Ayurveda.&nbsp;<\/p>\n                    <p>Parall\u00e8lement, un voyage en Inde en 2023 puis en 2025 avec 8 mois de sac \u00e0 dos, m&rsquo;ont profond\u00e9ment boulevers\u00e9 et motiv\u00e9 dans ce projet de vie. Me rapprochant plus intimement des enseignements de Swami Sivananda, Swami Kailasananda\n                      (Directrice de l&rsquo;ashram \u00e0 Neuville aux Bois), Amma et Sri Ramana Maharshi ; pour inspirer ma vie et ma pratique personnelle. Plus r\u00e9cement, une rencontre tr\u00e8s forte avec les \u00e9critures d&rsquo;Arnaud Desjardins, donnent un nouveau sens\n                      \u00e0 l&rsquo;enseignement.<\/p>\n                    <p>C&rsquo;est donc partager et transmettre aujourd&rsquo;hui avec le c\u0153ur&nbsp;: un yoga en simplicit\u00e9, avec sinc\u00e9rit\u00e9. O\u00f9 le mental et le corps peuvent trouver un espace de repos. Un yoga adapt\u00e9 \u00e0 tous.tes : \u00e0 l&rsquo;\u00e2ge, aux capacit\u00e9s, aux pathologies\n                      et aux handicaps. Mais aussi, pouvoir vous fournir lors de consultations ayurvediques, les connaissances de votre propre nature afin de prendre le plein pouvoir sa vie et de sa sant\u00e9 !&nbsp;<\/p>\n                    <p>Avec beaucoup de joie et de lumi\u00e8re, toujours.<\/p>\n                    <p>\n                      <br>\n                    <\/p>\n                  <\/div>\n                <\/div>\n              <\/div>\n            <\/div>\n          <\/div>\n        <\/div>\n      <\/div>\n      <div data-colibri-id=\"19-c10\" class=\"h-row-container gutters-row-lg-2 gutters-row-md-2 gutters-row-0 gutters-row-v-lg-2 gutters-row-v-md-2 gutters-row-v-2 style-401 style-local-19-c10 position-relative\">\n        <!---->\n        <div class=\"h-row justify-content-lg-start justify-content-md-start justify-content-start align-items-lg-stretch align-items-md-stretch align-items-stretch gutters-col-lg-2 gutters-col-md-2 gutters-col-0 gutters-col-v-lg-2 gutters-col-v-md-2 gutters-col-v-2\">\n          <!---->\n          <div class=\"h-column h-column-container d-flex h-col-lg-auto h-col-md-auto h-col-auto style-402-outer style-local-19-c11-outer\">\n            <div data-colibri-id=\"19-c11\" class=\"d-flex h-flex-basis h-column__inner h-px-lg-2 h-px-md-2 h-px-2 v-inner-lg-2 v-inner-md-2 v-inner-2 style-402 style-local-19-c11 position-relative\">\n              <!---->\n              <!---->\n              <div class=\"w-100 h-y-container h-column__content h-column__v-align flex-basis-100 align-self-lg-start align-self-md-start align-self-start\">\n                <!---->\n                <div data-colibri-id=\"19-c12\" class=\"h-text h-text-component style-352 style-local-19-c12 position-relative h-element\">\n                  <!---->\n                  <!---->\n                  <div class=\"\">\n                    <p>Formations :<\/p>\n                    <ul>\n                      <li>Praticienne Ayurvedique (sur 3 ans) avec Atreya Smith (Institut Europeen des Etudes Vediques), 2025 \u00e0 2028<\/li>\n                      <li>Perfectionnement en diagnostic ayurvedique (stage de 32h), Atreya Smith, avril 2026<\/li>\n                      <li>Formation avanc\u00e9e de Hatha Yoga Sivananda, Ashram de Yoga Sivananda France, juillet 2026<\/li>\n                      <li>Th\u00e9rapeute en alimentation et hygi\u00e8ne de vie ayurvedique (1 an) avec Sandrine Bonneau (Institut Fran\u00e7ais de Yoga et Ayurveda), 2024<\/li>\n                      <li>Sadhana Intensive (Pratique intensive de pranayamas), Ashram de Yoga Sivananda, 2024<\/li>\n                      <li>Formation de Yoga adapt\u00e9 sur chaise avec Jeannot Margier (Recherche en Vieillissement et Handicap dans le Yoga), 2023<\/li>\n                      <li>Formation Yoga femmes enceintes, Ashram de Yoga Sivananda France, 2022<\/li>\n                      <li>Formation traditionnelle de professeur de Hatha Yoga Sivananda, Ashram de Yoga Sivananda France, 2021<\/li>\n                      <li>Dilpl\u00f4me d&rsquo;Etat d&rsquo;Infirmi\u00e8re, Centre Hospitalier du Mans, 2015<\/li>\n                    <\/ul>\n                    <p>\n                      <br>\n                    <\/p>\n                    <p>\n                      <br>\n                    <\/p>\n                  <\/div>\n                <\/div>\n              <\/div>\n            <\/div>\n          <\/div>\n        <\/div>\n      <\/div>\n      <div data-colibri-id=\"19-c13\" class=\"h-row-container gutters-row-lg-2 gutters-row-md-2 gutters-row-0 gutters-row-v-lg-2 gutters-row-v-md-2 gutters-row-v-2 style-386 style-local-19-c13 position-relative\">\n        <!---->\n        <div class=\"h-row justify-content-lg-center justify-content-md-center justify-content-center align-items-lg-stretch align-items-md-stretch align-items-stretch gutters-col-lg-2 gutters-col-md-2 gutters-col-0 gutters-col-v-lg-2 gutters-col-v-md-2 gutters-col-v-2\">\n          <!---->\n          <div class=\"h-column h-column-container d-flex h-col-lg-auto h-col-md-auto h-col-auto style-387-outer style-local-19-c14-outer\">\n            <div data-colibri-id=\"19-c14\" class=\"d-flex h-flex-basis h-column__inner h-ui-empty-state-container h-px-lg-2 h-px-md-2 h-px-2 v-inner-lg-2 v-inner-md-2 v-inner-2 style-387 style-local-19-c14 position-relative\">\n              <!---->\n              <!---->\n              <div class=\"w-100 h-y-container h-column__content h-column__v-align flex-basis-100\">\n                <!---->\n              <\/div>\n            <\/div>\n          <\/div>\n        <\/div>\n      <\/div>\n    <\/div>\n  <\/div>\n<\/div>","protected":false},"excerpt":{"rendered":"<p>Je m&rsquo;appelle B\u00e9r\u00e9nice P\u00e9an, je suis pratiquante et professeure de hatha yoga et yoga adapt\u00e9. Th\u00e9rapeute en Ayurveda et infirmi\u00e8re de formation ; apprendre et transmettre sont les bases de mon enseignement. Ma formation de professeur de yoga s&rsquo;est d\u00e9roul\u00e9e \u00e0 l&rsquo;Ashram de yoga Sivananda France. Passionn\u00e9e par cette voie et cette discipline de vie, [&hellip;]<\/p>\n","protected":false},"author":1,"featured_media":17,"parent":0,"menu_order":0,"comment_status":"closed","ping_status":"closed","template":"page-templates\/full-width-page.php","meta":{"ngg_post_thumbnail":0,"footnotes":""},"class_list":["post-19","page","type-page","status-publish","has-post-thumbnail","hentry"],"yoast_head":"<!-- This site is optimized with the Yoast SEO plugin v25.8 - https:\/\/yoast.com\/wordpress\/plugins\/seo\/ -->\n<title>A Propos - La Luz<\/title>\n<meta name=\"robots\" content=\"index, follow, max-snippet:-1, max-image-preview:large, max-video-preview:-1\" \/>\n<link rel=\"canonical\" href=\"https:\/\/la-luz.fr\/index.php\/a-propos\/\" class=\"yoast-seo-meta-tag\" \/>\n<meta property=\"og:locale\" content=\"fr_FR\" class=\"yoast-seo-meta-tag\" \/>\n<meta property=\"og:type\" content=\"article\" class=\"yoast-seo-meta-tag\" \/>\n<meta property=\"og:title\" content=\"A Propos - La Luz\" class=\"yoast-seo-meta-tag\" \/>\n<meta property=\"og:description\" content=\"Je m&rsquo;appelle B\u00e9r\u00e9nice P\u00e9an, je suis pratiquante et professeure de hatha yoga et yoga adapt\u00e9. Th\u00e9rapeute en Ayurveda et infirmi\u00e8re de formation ; apprendre et transmettre sont les bases de mon enseignement. Ma formation de professeur de yoga s&rsquo;est d\u00e9roul\u00e9e \u00e0 l&rsquo;Ashram de yoga Sivananda France. Passionn\u00e9e par cette voie et cette discipline de vie, [&hellip;]\" class=\"yoast-seo-meta-tag\" \/>\n<meta property=\"og:url\" content=\"https:\/\/la-luz.fr\/index.php\/a-propos\/\" class=\"yoast-seo-meta-tag\" \/>\n<meta property=\"og:site_name\" content=\"La Luz\" class=\"yoast-seo-meta-tag\" \/>\n<meta property=\"article:modified_time\" content=\"2026-04-09T13:11:10+00:00\" class=\"yoast-seo-meta-tag\" \/>\n<meta property=\"og:image\" content=\"https:\/\/la-luz.fr\/wp-content\/uploads\/2023\/06\/StockSnap_M6D1GS9PSL.jpg\" class=\"yoast-seo-meta-tag\" \/>\n\t<meta property=\"og:image:width\" content=\"2000\" class=\"yoast-seo-meta-tag\" \/>\n\t<meta property=\"og:image:height\" content=\"1317\" class=\"yoast-seo-meta-tag\" \/>\n\t<meta property=\"og:image:type\" content=\"image\/jpeg\" class=\"yoast-seo-meta-tag\" \/>\n<meta name=\"twitter:card\" content=\"summary_large_image\" class=\"yoast-seo-meta-tag\" \/>\n<meta name=\"twitter:label1\" content=\"Dur\u00e9e de lecture estim\u00e9e\" class=\"yoast-seo-meta-tag\" \/>\n\t<meta name=\"twitter:data1\" content=\"4 minutes\" class=\"yoast-seo-meta-tag\" \/>\n<script type=\"application\/ld+json\" class=\"yoast-schema-graph\">{\"@context\":\"https:\/\/schema.org\",\"@graph\":[{\"@type\":\"WebPage\",\"@id\":\"https:\/\/la-luz.fr\/index.php\/a-propos\/\",\"url\":\"https:\/\/la-luz.fr\/index.php\/a-propos\/\",\"name\":\"A Propos - La Luz\",\"isPartOf\":{\"@id\":\"https:\/\/la-luz.fr\/#website\"},\"primaryImageOfPage\":{\"@id\":\"https:\/\/la-luz.fr\/index.php\/a-propos\/#primaryimage\"},\"image\":{\"@id\":\"https:\/\/la-luz.fr\/index.php\/a-propos\/#primaryimage\"},\"thumbnailUrl\":\"https:\/\/la-luz.fr\/wp-content\/uploads\/2023\/06\/StockSnap_M6D1GS9PSL.jpg\",\"datePublished\":\"2023-06-29T20:03:13+00:00\",\"dateModified\":\"2026-04-09T13:11:10+00:00\",\"breadcrumb\":{\"@id\":\"https:\/\/la-luz.fr\/index.php\/a-propos\/#breadcrumb\"},\"inLanguage\":\"fr-FR\",\"potentialAction\":[{\"@type\":\"ReadAction\",\"target\":[\"https:\/\/la-luz.fr\/index.php\/a-propos\/\"]}]},{\"@type\":\"ImageObject\",\"inLanguage\":\"fr-FR\",\"@id\":\"https:\/\/la-luz.fr\/index.php\/a-propos\/#primaryimage\",\"url\":\"https:\/\/la-luz.fr\/wp-content\/uploads\/2023\/06\/StockSnap_M6D1GS9PSL.jpg\",\"contentUrl\":\"https:\/\/la-luz.fr\/wp-content\/uploads\/2023\/06\/StockSnap_M6D1GS9PSL.jpg\",\"width\":2000,\"height\":1317},{\"@type\":\"BreadcrumbList\",\"@id\":\"https:\/\/la-luz.fr\/index.php\/a-propos\/#breadcrumb\",\"itemListElement\":[{\"@type\":\"ListItem\",\"position\":1,\"name\":\"Accueil\",\"item\":\"https:\/\/la-luz.fr\/\"},{\"@type\":\"ListItem\",\"position\":2,\"name\":\"A Propos\"}]},{\"@type\":\"WebSite\",\"@id\":\"https:\/\/la-luz.fr\/#website\",\"url\":\"https:\/\/la-luz.fr\/\",\"name\":\"La Luz\",\"description\":\"\",\"potentialAction\":[{\"@type\":\"SearchAction\",\"target\":{\"@type\":\"EntryPoint\",\"urlTemplate\":\"https:\/\/la-luz.fr\/?s={search_term_string}\"},\"query-input\":{\"@type\":\"PropertyValueSpecification\",\"valueRequired\":true,\"valueName\":\"search_term_string\"}}],\"inLanguage\":\"fr-FR\"}]}<\/script>\n<!-- \/ Yoast SEO plugin. -->","yoast_head_json":{"title":"A Propos - La Luz","robots":{"index":"index","follow":"follow","max-snippet":"max-snippet:-1","max-image-preview":"max-image-preview:large","max-video-preview":"max-video-preview:-1"},"canonical":"https:\/\/la-luz.fr\/index.php\/a-propos\/","og_locale":"fr_FR","og_type":"article","og_title":"A Propos - La Luz","og_description":"Je m&rsquo;appelle B\u00e9r\u00e9nice P\u00e9an, je suis pratiquante et professeure de hatha yoga et yoga adapt\u00e9. Th\u00e9rapeute en Ayurveda et infirmi\u00e8re de formation ; apprendre et transmettre sont les bases de mon enseignement. Ma formation de professeur de yoga s&rsquo;est d\u00e9roul\u00e9e \u00e0 l&rsquo;Ashram de yoga Sivananda France. Passionn\u00e9e par cette voie et cette discipline de vie, [&hellip;]","og_url":"https:\/\/la-luz.fr\/index.php\/a-propos\/","og_site_name":"La Luz","article_modified_time":"2026-04-09T13:11:10+00:00","og_image":[{"width":2000,"height":1317,"url":"https:\/\/la-luz.fr\/wp-content\/uploads\/2023\/06\/StockSnap_M6D1GS9PSL.jpg","type":"image\/jpeg"}],"twitter_card":"summary_large_image","twitter_misc":{"Dur\u00e9e de lecture estim\u00e9e":"4 minutes"},"schema":{"@context":"https:\/\/schema.org","@graph":[{"@type":"WebPage","@id":"https:\/\/la-luz.fr\/index.php\/a-propos\/","url":"https:\/\/la-luz.fr\/index.php\/a-propos\/","name":"A Propos - La Luz","isPartOf":{"@id":"https:\/\/la-luz.fr\/#website"},"primaryImageOfPage":{"@id":"https:\/\/la-luz.fr\/index.php\/a-propos\/#primaryimage"},"image":{"@id":"https:\/\/la-luz.fr\/index.php\/a-propos\/#primaryimage"},"thumbnailUrl":"https:\/\/la-luz.fr\/wp-content\/uploads\/2023\/06\/StockSnap_M6D1GS9PSL.jpg","datePublished":"2023-06-29T20:03:13+00:00","dateModified":"2026-04-09T13:11:10+00:00","breadcrumb":{"@id":"https:\/\/la-luz.fr\/index.php\/a-propos\/#breadcrumb"},"inLanguage":"fr-FR","potentialAction":[{"@type":"ReadAction","target":["https:\/\/la-luz.fr\/index.php\/a-propos\/"]}]},{"@type":"ImageObject","inLanguage":"fr-FR","@id":"https:\/\/la-luz.fr\/index.php\/a-propos\/#primaryimage","url":"https:\/\/la-luz.fr\/wp-content\/uploads\/2023\/06\/StockSnap_M6D1GS9PSL.jpg","contentUrl":"https:\/\/la-luz.fr\/wp-content\/uploads\/2023\/06\/StockSnap_M6D1GS9PSL.jpg","width":2000,"height":1317},{"@type":"BreadcrumbList","@id":"https:\/\/la-luz.fr\/index.php\/a-propos\/#breadcrumb","itemListElement":[{"@type":"ListItem","position":1,"name":"Accueil","item":"https:\/\/la-luz.fr\/"},{"@type":"ListItem","position":2,"name":"A Propos"}]},{"@type":"WebSite","@id":"https:\/\/la-luz.fr\/#website","url":"https:\/\/la-luz.fr\/","name":"La Luz","description":"","potentialAction":[{"@type":"SearchAction","target":{"@type":"EntryPoint","urlTemplate":"https:\/\/la-luz.fr\/?s={search_term_string}"},"query-input":{"@type":"PropertyValueSpecification","valueRequired":true,"valueName":"search_term_string"}}],"inLanguage":"fr-FR"}]}},"featured_media_urls":{"thumbnail":["https:\/\/la-luz.fr\/wp-content\/uploads\/2023\/06\/StockSnap_M6D1GS9PSL-150x150.jpg",150,150,true],"medium":["https:\/\/la-luz.fr\/wp-content\/uploads\/2023\/06\/StockSnap_M6D1GS9PSL-300x198.jpg",300,198,true],"medium_large":["https:\/\/la-luz.fr\/wp-content\/uploads\/2023\/06\/StockSnap_M6D1GS9PSL-768x506.jpg",768,506,true],"large":["https:\/\/la-luz.fr\/wp-content\/uploads\/2023\/06\/StockSnap_M6D1GS9PSL-1024x674.jpg",1024,674,true],"1536x1536":["https:\/\/la-luz.fr\/wp-content\/uploads\/2023\/06\/StockSnap_M6D1GS9PSL-1536x1011.jpg",1536,1011,true],"2048x2048":["https:\/\/la-luz.fr\/wp-content\/uploads\/2023\/06\/StockSnap_M6D1GS9PSL.jpg",2000,1317,false],"portfolio_item-thumbnail":["https:\/\/la-luz.fr\/wp-content\/uploads\/2023\/06\/StockSnap_M6D1GS9PSL.jpg",600,395,false],"portfolio_item-thumbnail@2x":["https:\/\/la-luz.fr\/wp-content\/uploads\/2023\/06\/StockSnap_M6D1GS9PSL.jpg",1200,790,false],"portfolio_item-masonry":["https:\/\/la-luz.fr\/wp-content\/uploads\/2023\/06\/StockSnap_M6D1GS9PSL.jpg",600,395,false],"portfolio_item-masonry@2x":["https:\/\/la-luz.fr\/wp-content\/uploads\/2023\/06\/StockSnap_M6D1GS9PSL.jpg",1200,790,false],"portfolio_item-thumbnail_cinema":["https:\/\/la-luz.fr\/wp-content\/uploads\/2023\/06\/StockSnap_M6D1GS9PSL.jpg",509,335,false],"portfolio_item-thumbnail_portrait":["https:\/\/la-luz.fr\/wp-content\/uploads\/2023\/06\/StockSnap_M6D1GS9PSL.jpg",600,395,false],"portfolio_item-thumbnail_portrait@2x":["https:\/\/la-luz.fr\/wp-content\/uploads\/2023\/06\/StockSnap_M6D1GS9PSL.jpg",1200,790,false],"portfolio_item-thumbnail_square":["https:\/\/la-luz.fr\/wp-content\/uploads\/2023\/06\/StockSnap_M6D1GS9PSL.jpg",800,527,false]},"_links":{"self":[{"href":"https:\/\/la-luz.fr\/index.php\/wp-json\/wp\/v2\/pages\/19","targetHints":{"allow":["GET"]}}],"collection":[{"href":"https:\/\/la-luz.fr\/index.php\/wp-json\/wp\/v2\/pages"}],"about":[{"href":"https:\/\/la-luz.fr\/index.php\/wp-json\/wp\/v2\/types\/page"}],"author":[{"embeddable":true,"href":"https:\/\/la-luz.fr\/index.php\/wp-json\/wp\/v2\/users\/1"}],"replies":[{"embeddable":true,"href":"https:\/\/la-luz.fr\/index.php\/wp-json\/wp\/v2\/comments?post=19"}],"version-history":[{"count":20,"href":"https:\/\/la-luz.fr\/index.php\/wp-json\/wp\/v2\/pages\/19\/revisions"}],"predecessor-version":[{"id":1254,"href":"https:\/\/la-luz.fr\/index.php\/wp-json\/wp\/v2\/pages\/19\/revisions\/1254"}],"wp:featuredmedia":[{"embeddable":true,"href":"https:\/\/la-luz.fr\/index.php\/wp-json\/wp\/v2\/media\/17"}],"wp:attachment":[{"href":"https:\/\/la-luz.fr\/index.php\/wp-json\/wp\/v2\/media?parent=19"}],"curies":[{"name":"wp","href":"https:\/\/api.w.org\/{rel}","templated":true}]}}