{"id":585,"date":"2024-02-18T14:04:54","date_gmt":"2024-02-18T14:04:54","guid":{"rendered":"https:\/\/la-luz.fr\/?page_id=585"},"modified":"2024-02-19T14:44:47","modified_gmt":"2024-02-19T14:44:47","slug":"retraite-avril","status":"publish","type":"page","link":"https:\/\/la-luz.fr\/index.php\/retraite-avril\/","title":{"rendered":"Retraite avril 2024"},"content":{"rendered":"\n<p>Le week-end du <strong>19, 20 et 21 avril 2024<\/strong> : <em>Stage de yoga en toute simplicit\u00e9<\/em> !<\/p>\n\n\n\n<p><strong>Arriv\u00e9e : \u00e0 partir de 15h le vendredi<\/strong><\/p>\n\n\n\n<p><strong>D\u00e9part : 18h30 le dimanche<\/strong> (apr\u00e8s la derni\u00e8re pratique d&rsquo;asanas)<\/p>\n\n\n\n<p><strong><u>Prix&nbsp;<\/u>: \u00e0 partir de 240\u20ac tout inclus<\/strong> (suivant le choix de la chambre). 50\u20ac sont avanc\u00e9s en tant que frais de r\u00e9servation.<\/p>\n\n\n\n<p>Un week-end de pratique esprit \u00ab\u00a0Ashram\u00a0\u00bb : 2 cours\/jour, m\u00e9ditation, chants &amp; temps libre.<\/p>\n\n\n\n<p>Face aux montagnes de la cha\u00eene des Pyr\u00e9n\u00e9es, \u00e0 1h30 de Toulouse, dans la belle vall\u00e9e de Soulan en Ari\u00e8ge (09320), venez pratiquer le yoga int\u00e9gral et profiter de la nature. Une exp\u00e9rience de vie ensemble, rythm\u00e9e par les cours, les satsangs (m\u00e9ditation, chants) &amp; les promenades en nature.<\/p>\n\n\n\n<p>Les repas sont v\u00e9g\u00e9tariens, cuisin\u00e9s sur place, d&rsquo;inspiration ayurv\u00e9dique (2 repas par jour, les tisanes et les fruits sont toujours disponibles).<\/p>\n\n\n\n<p>Lors de ce stage et sur ce lieu de vie, nous accordons du sens et de l&rsquo;int\u00e9r\u00eat \u00e0 une vie simple et partag\u00e9e : chacun.e y trouve sa place et donne un peu de son temps. Une aide pour la vaisselle ou la coupe des l\u00e9gumes sera donc appr\u00e9ci\u00e9e (karma yoga ou action d\u00e9sint\u00e9ress\u00e9e). <\/p>\n\n\n\n<p>H\u00e9bergement en cabane \u00e9colo, chambre partag\u00e9e ou chambre simple. Les SDB sont partag\u00e9es ou individuelles suivant le choix des chambres.<\/p>\n\n\n\n<p>Mat\u00e9riels n\u00e9cessaires : un tapis, un coussin de m\u00e9ditation, une ou deux couvertures pour la relaxation. Chaussures de marche pour les randonn\u00e9es. V\u00eatements confortables et chauds pour les soir\u00e9es.<\/p>\n\n\n\n<p>N&rsquo;h\u00e9sitez pas \u00e0 prendre contact avec moi pour infos et\/ou r\u00e9servations. Avec beaucoup de joie dans l&rsquo;id\u00e9e de vous accueillir ! B\u00e9r\u00e9nice &#8211; La Luz<\/p>\n\n\n\n<figure class=\"wp-block-image size-large is-resized\"><img decoding=\"async\" src=\"https:\/\/la-luz.fr\/wp-content\/uploads\/2024\/02\/Retraite-avril-24-576x1024.png\" alt=\"Affiche\" class=\"wp-image-604\" style=\"width:291px;height:auto\"\/><figcaption class=\"wp-element-caption\">Affiche<\/figcaption><\/figure>\n\n\n\n<p><\/p>\n\n\n<div class=\"wp-block-image\">\n<figure class=\"aligncenter size-large is-resized\"><img decoding=\"async\" src=\"https:\/\/la-luz.fr\/wp-content\/uploads\/2024\/02\/Programme-724x1024.png\" alt=\"\" class=\"wp-image-603\" style=\"width:323px;height:auto\"\/><figcaption class=\"wp-element-caption\">Programme<\/figcaption><\/figure>\n<\/div>\n\n\n<p><\/p>\n\n\n\n<figure class=\"wp-block-image size-large is-resized\"><img decoding=\"async\" src=\"https:\/\/la-luz.fr\/wp-content\/uploads\/2024\/02\/df8a597e-09c2-4668-b5c4-bfabd25b8042-1024x768.webp\" alt=\"\" class=\"wp-image-490\" style=\"width:495px;height:auto\"\/><figcaption class=\"wp-element-caption\">Cabane \u00e9colo<\/figcaption><\/figure>\n\n\n\n<figure class=\"wp-block-image size-large is-resized\"><img decoding=\"async\" src=\"https:\/\/la-luz.fr\/wp-content\/uploads\/2024\/02\/9025bfe0-eda4-4b91-b55e-9ac67a269943-1024x461.webp\" alt=\"\" class=\"wp-image-590\" style=\"width:502px;height:auto\"\/><figcaption class=\"wp-element-caption\">Chambre en cabane \u00e9colo<\/figcaption><\/figure>\n\n\n\n<p><\/p>\n\n\n\n<figure class=\"wp-block-image size-large is-resized\"><img decoding=\"async\" src=\"https:\/\/la-luz.fr\/wp-content\/uploads\/2024\/02\/427800915_689041863418439_7775405388164169570_n-1024x576.jpg\" alt=\"\" class=\"wp-image-595\" style=\"width:496px;height:auto\"\/><figcaption class=\"wp-element-caption\">Chambre individuelle<\/figcaption><\/figure>\n\n\n\n<figure class=\"wp-block-image size-full is-resized\"><img decoding=\"async\" src=\"https:\/\/la-luz.fr\/wp-content\/uploads\/2024\/02\/image_6483441-1.jpg\" alt=\"\" class=\"wp-image-598\" style=\"width:496px;height:auto\"\/><figcaption class=\"wp-element-caption\">Chambre partag\u00e9e<\/figcaption><\/figure>\n\n\n\n<figure class=\"wp-block-image size-large is-resized\"><img fetchpriority=\"high\" decoding=\"async\" width=\"1024\" height=\"615\" src=\"https:\/\/la-luz.fr\/wp-content\/uploads\/2024\/02\/cropped-salle-scaled-1-1024x615.jpg\" alt=\"\" class=\"wp-image-556\" style=\"width:497px;height:auto\" srcset=\"https:\/\/la-luz.fr\/wp-content\/uploads\/2024\/02\/cropped-salle-scaled-1-1024x615.jpg 1024w, https:\/\/la-luz.fr\/wp-content\/uploads\/2024\/02\/cropped-salle-scaled-1-300x180.jpg 300w, https:\/\/la-luz.fr\/wp-content\/uploads\/2024\/02\/cropped-salle-scaled-1-768x461.jpg 768w, https:\/\/la-luz.fr\/wp-content\/uploads\/2024\/02\/cropped-salle-scaled-1-1536x923.jpg 1536w, https:\/\/la-luz.fr\/wp-content\/uploads\/2024\/02\/cropped-salle-scaled-1-2048x1230.jpg 2048w, https:\/\/la-luz.fr\/wp-content\/uploads\/2024\/02\/cropped-salle-scaled-1-600x360.jpg 600w, https:\/\/la-luz.fr\/wp-content\/uploads\/2024\/02\/cropped-salle-scaled-1-1200x721.jpg 1200w\" sizes=\"(max-width: 1024px) 100vw, 1024px\" \/><figcaption class=\"wp-element-caption\">Salle de pratique<\/figcaption><\/figure>\n\n\n\n<figure class=\"wp-block-image size-large is-resized\"><img decoding=\"async\" src=\"https:\/\/la-luz.fr\/wp-content\/uploads\/2024\/02\/427741663_955009188903607_5604529171278816219_n-768x1024.jpg\" alt=\"\" class=\"wp-image-594\" style=\"width:501px;height:auto\"\/><figcaption class=\"wp-element-caption\">Balcon, maison principale<\/figcaption><\/figure>\n\n\n<div class=\"wp-block-image\">\n<figure class=\"alignleft size-large is-resized\"><img decoding=\"async\" width=\"1024\" height=\"1024\" src=\"https:\/\/la-luz.fr\/wp-content\/uploads\/2024\/02\/cropped-409887002_6949103535126076_8128388223996709816_n-1024x1024.jpg\" alt=\"\" class=\"wp-image-495\" style=\"width:504px;height:auto\" srcset=\"https:\/\/la-luz.fr\/wp-content\/uploads\/2024\/02\/cropped-409887002_6949103535126076_8128388223996709816_n-1024x1024.jpg 1024w, https:\/\/la-luz.fr\/wp-content\/uploads\/2024\/02\/cropped-409887002_6949103535126076_8128388223996709816_n-300x300.jpg 300w, https:\/\/la-luz.fr\/wp-content\/uploads\/2024\/02\/cropped-409887002_6949103535126076_8128388223996709816_n-150x150.jpg 150w, https:\/\/la-luz.fr\/wp-content\/uploads\/2024\/02\/cropped-409887002_6949103535126076_8128388223996709816_n-768x767.jpg 768w, https:\/\/la-luz.fr\/wp-content\/uploads\/2024\/02\/cropped-409887002_6949103535126076_8128388223996709816_n-600x600.jpg 600w, https:\/\/la-luz.fr\/wp-content\/uploads\/2024\/02\/cropped-409887002_6949103535126076_8128388223996709816_n-1200x1199.jpg 1200w, https:\/\/la-luz.fr\/wp-content\/uploads\/2024\/02\/cropped-409887002_6949103535126076_8128388223996709816_n-800x800.jpg 800w, https:\/\/la-luz.fr\/wp-content\/uploads\/2024\/02\/cropped-409887002_6949103535126076_8128388223996709816_n.jpg 1531w\" sizes=\"(max-width: 1024px) 100vw, 1024px\" \/><figcaption class=\"wp-element-caption\">Coucher de soleil depuis les maisons<\/figcaption><\/figure>\n<\/div>\n\n\n<p><\/p>\n\n\n\n<p><\/p>\n\n\n\n<figure class=\"wp-block-image size-large is-resized\"><img decoding=\"async\" src=\"https:\/\/la-luz.fr\/wp-content\/uploads\/2024\/02\/393905191_1559084394896713_1274479391135194744_n-768x1024.jpg\" alt=\"\" class=\"wp-image-592\" style=\"width:504px;height:auto\"\/><figcaption class=\"wp-element-caption\">La vie est douce<\/figcaption><\/figure>\n\n\n\n<p><\/p>\n","protected":false},"excerpt":{"rendered":"<p>Le week-end du 19, 20 et 21 avril 2024 : Stage de yoga en toute simplicit\u00e9 ! Arriv\u00e9e : \u00e0 partir de 15h le vendredi D\u00e9part : 18h30 le dimanche (apr\u00e8s la derni\u00e8re pratique d&rsquo;asanas) Prix&nbsp;: \u00e0 partir de 240\u20ac tout inclus (suivant le choix de la chambre). 50\u20ac sont avanc\u00e9s en tant que frais [&hellip;]<\/p>\n","protected":false},"author":3,"featured_media":0,"parent":0,"menu_order":0,"comment_status":"closed","ping_status":"closed","template":"","meta":{"ngg_post_thumbnail":0,"footnotes":""},"class_list":["post-585","page","type-page","status-publish","hentry"],"yoast_head":"<!-- This site is optimized with the Yoast SEO plugin v25.8 - https:\/\/yoast.com\/wordpress\/plugins\/seo\/ -->\n<title>Retraite avril 2024 - La Luz<\/title>\n<meta name=\"robots\" content=\"index, follow, max-snippet:-1, max-image-preview:large, max-video-preview:-1\" \/>\n<link rel=\"canonical\" href=\"https:\/\/la-luz.fr\/index.php\/retraite-avril\/\" class=\"yoast-seo-meta-tag\" \/>\n<meta property=\"og:locale\" content=\"fr_FR\" class=\"yoast-seo-meta-tag\" \/>\n<meta property=\"og:type\" content=\"article\" class=\"yoast-seo-meta-tag\" \/>\n<meta property=\"og:title\" content=\"Retraite avril 2024 - La Luz\" class=\"yoast-seo-meta-tag\" \/>\n<meta property=\"og:description\" content=\"Le week-end du 19, 20 et 21 avril 2024 : Stage de yoga en toute simplicit\u00e9 ! Arriv\u00e9e : \u00e0 partir de 15h le vendredi D\u00e9part : 18h30 le dimanche (apr\u00e8s la derni\u00e8re pratique d&rsquo;asanas) Prix&nbsp;: \u00e0 partir de 240\u20ac tout inclus (suivant le choix de la chambre). 50\u20ac sont avanc\u00e9s en tant que frais [&hellip;]\" class=\"yoast-seo-meta-tag\" \/>\n<meta property=\"og:url\" content=\"https:\/\/la-luz.fr\/index.php\/retraite-avril\/\" class=\"yoast-seo-meta-tag\" \/>\n<meta property=\"og:site_name\" content=\"La Luz\" class=\"yoast-seo-meta-tag\" \/>\n<meta property=\"article:modified_time\" content=\"2024-02-19T14:44:47+00:00\" class=\"yoast-seo-meta-tag\" \/>\n<meta property=\"og:image\" content=\"https:\/\/la-luz.fr\/wp-content\/uploads\/2024\/02\/Retraite-avril-24-576x1024.png\" class=\"yoast-seo-meta-tag\" \/>\n<meta name=\"twitter:card\" content=\"summary_large_image\" class=\"yoast-seo-meta-tag\" \/>\n<meta name=\"twitter:label1\" content=\"Dur\u00e9e de lecture estim\u00e9e\" class=\"yoast-seo-meta-tag\" \/>\n\t<meta name=\"twitter:data1\" content=\"4 minutes\" class=\"yoast-seo-meta-tag\" \/>\n<script type=\"application\/ld+json\" class=\"yoast-schema-graph\">{\"@context\":\"https:\/\/schema.org\",\"@graph\":[{\"@type\":\"WebPage\",\"@id\":\"https:\/\/la-luz.fr\/index.php\/retraite-avril\/\",\"url\":\"https:\/\/la-luz.fr\/index.php\/retraite-avril\/\",\"name\":\"Retraite avril 2024 - La Luz\",\"isPartOf\":{\"@id\":\"https:\/\/la-luz.fr\/#website\"},\"primaryImageOfPage\":{\"@id\":\"https:\/\/la-luz.fr\/index.php\/retraite-avril\/#primaryimage\"},\"image\":{\"@id\":\"https:\/\/la-luz.fr\/index.php\/retraite-avril\/#primaryimage\"},\"thumbnailUrl\":\"https:\/\/la-luz.fr\/wp-content\/uploads\/2024\/02\/Retraite-avril-24-576x1024.png\",\"datePublished\":\"2024-02-18T14:04:54+00:00\",\"dateModified\":\"2024-02-19T14:44:47+00:00\",\"breadcrumb\":{\"@id\":\"https:\/\/la-luz.fr\/index.php\/retraite-avril\/#breadcrumb\"},\"inLanguage\":\"fr-FR\",\"potentialAction\":[{\"@type\":\"ReadAction\",\"target\":[\"https:\/\/la-luz.fr\/index.php\/retraite-avril\/\"]}]},{\"@type\":\"ImageObject\",\"inLanguage\":\"fr-FR\",\"@id\":\"https:\/\/la-luz.fr\/index.php\/retraite-avril\/#primaryimage\",\"url\":\"\",\"contentUrl\":\"\"},{\"@type\":\"BreadcrumbList\",\"@id\":\"https:\/\/la-luz.fr\/index.php\/retraite-avril\/#breadcrumb\",\"itemListElement\":[{\"@type\":\"ListItem\",\"position\":1,\"name\":\"Accueil\",\"item\":\"https:\/\/la-luz.fr\/\"},{\"@type\":\"ListItem\",\"position\":2,\"name\":\"Retraite avril 2024\"}]},{\"@type\":\"WebSite\",\"@id\":\"https:\/\/la-luz.fr\/#website\",\"url\":\"https:\/\/la-luz.fr\/\",\"name\":\"La Luz\",\"description\":\"\",\"potentialAction\":[{\"@type\":\"SearchAction\",\"target\":{\"@type\":\"EntryPoint\",\"urlTemplate\":\"https:\/\/la-luz.fr\/?s={search_term_string}\"},\"query-input\":{\"@type\":\"PropertyValueSpecification\",\"valueRequired\":true,\"valueName\":\"search_term_string\"}}],\"inLanguage\":\"fr-FR\"}]}<\/script>\n<!-- \/ Yoast SEO plugin. -->","yoast_head_json":{"title":"Retraite avril 2024 - La Luz","robots":{"index":"index","follow":"follow","max-snippet":"max-snippet:-1","max-image-preview":"max-image-preview:large","max-video-preview":"max-video-preview:-1"},"canonical":"https:\/\/la-luz.fr\/index.php\/retraite-avril\/","og_locale":"fr_FR","og_type":"article","og_title":"Retraite avril 2024 - La Luz","og_description":"Le week-end du 19, 20 et 21 avril 2024 : Stage de yoga en toute simplicit\u00e9 ! Arriv\u00e9e : \u00e0 partir de 15h le vendredi D\u00e9part : 18h30 le dimanche (apr\u00e8s la derni\u00e8re pratique d&rsquo;asanas) Prix&nbsp;: \u00e0 partir de 240\u20ac tout inclus (suivant le choix de la chambre). 50\u20ac sont avanc\u00e9s en tant que frais [&hellip;]","og_url":"https:\/\/la-luz.fr\/index.php\/retraite-avril\/","og_site_name":"La Luz","article_modified_time":"2024-02-19T14:44:47+00:00","og_image":[{"url":"https:\/\/la-luz.fr\/wp-content\/uploads\/2024\/02\/Retraite-avril-24-576x1024.png","type":"","width":"","height":""}],"twitter_card":"summary_large_image","twitter_misc":{"Dur\u00e9e de lecture estim\u00e9e":"4 minutes"},"schema":{"@context":"https:\/\/schema.org","@graph":[{"@type":"WebPage","@id":"https:\/\/la-luz.fr\/index.php\/retraite-avril\/","url":"https:\/\/la-luz.fr\/index.php\/retraite-avril\/","name":"Retraite avril 2024 - La Luz","isPartOf":{"@id":"https:\/\/la-luz.fr\/#website"},"primaryImageOfPage":{"@id":"https:\/\/la-luz.fr\/index.php\/retraite-avril\/#primaryimage"},"image":{"@id":"https:\/\/la-luz.fr\/index.php\/retraite-avril\/#primaryimage"},"thumbnailUrl":"https:\/\/la-luz.fr\/wp-content\/uploads\/2024\/02\/Retraite-avril-24-576x1024.png","datePublished":"2024-02-18T14:04:54+00:00","dateModified":"2024-02-19T14:44:47+00:00","breadcrumb":{"@id":"https:\/\/la-luz.fr\/index.php\/retraite-avril\/#breadcrumb"},"inLanguage":"fr-FR","potentialAction":[{"@type":"ReadAction","target":["https:\/\/la-luz.fr\/index.php\/retraite-avril\/"]}]},{"@type":"ImageObject","inLanguage":"fr-FR","@id":"https:\/\/la-luz.fr\/index.php\/retraite-avril\/#primaryimage","url":"","contentUrl":""},{"@type":"BreadcrumbList","@id":"https:\/\/la-luz.fr\/index.php\/retraite-avril\/#breadcrumb","itemListElement":[{"@type":"ListItem","position":1,"name":"Accueil","item":"https:\/\/la-luz.fr\/"},{"@type":"ListItem","position":2,"name":"Retraite avril 2024"}]},{"@type":"WebSite","@id":"https:\/\/la-luz.fr\/#website","url":"https:\/\/la-luz.fr\/","name":"La Luz","description":"","potentialAction":[{"@type":"SearchAction","target":{"@type":"EntryPoint","urlTemplate":"https:\/\/la-luz.fr\/?s={search_term_string}"},"query-input":{"@type":"PropertyValueSpecification","valueRequired":true,"valueName":"search_term_string"}}],"inLanguage":"fr-FR"}]}},"featured_media_urls":[],"_links":{"self":[{"href":"https:\/\/la-luz.fr\/index.php\/wp-json\/wp\/v2\/pages\/585","targetHints":{"allow":["GET"]}}],"collection":[{"href":"https:\/\/la-luz.fr\/index.php\/wp-json\/wp\/v2\/pages"}],"about":[{"href":"https:\/\/la-luz.fr\/index.php\/wp-json\/wp\/v2\/types\/page"}],"author":[{"embeddable":true,"href":"https:\/\/la-luz.fr\/index.php\/wp-json\/wp\/v2\/users\/3"}],"replies":[{"embeddable":true,"href":"https:\/\/la-luz.fr\/index.php\/wp-json\/wp\/v2\/comments?post=585"}],"version-history":[{"count":14,"href":"https:\/\/la-luz.fr\/index.php\/wp-json\/wp\/v2\/pages\/585\/revisions"}],"predecessor-version":[{"id":630,"href":"https:\/\/la-luz.fr\/index.php\/wp-json\/wp\/v2\/pages\/585\/revisions\/630"}],"wp:attachment":[{"href":"https:\/\/la-luz.fr\/index.php\/wp-json\/wp\/v2\/media?parent=585"}],"curies":[{"name":"wp","href":"https:\/\/api.w.org\/{rel}","templated":true}]}}