{"id":772,"date":"2024-08-31T13:29:24","date_gmt":"2024-08-31T13:29:24","guid":{"rendered":"https:\/\/la-luz.fr\/?page_id=772"},"modified":"2025-08-06T12:11:18","modified_gmt":"2025-08-06T12:11:18","slug":"massages-abhyanga","status":"publish","type":"page","link":"https:\/\/la-luz.fr\/index.php\/massages-abhyanga\/","title":{"rendered":"Massage Abhyanga"},"content":{"rendered":"\n<p>Le massage Ayurv\u00e9dique dit \u00ab\u00a0Abhyanga\u00a0\u00bb est un massage th\u00e9rapeutique et \u00e9nerg\u00e9tique.<\/p>\n\n\n\n<p>A l&rsquo;aide d&rsquo;huile ti\u00e8de de s\u00e9same ou de coco biologique, je viens masser tout votre corps, dans un sens pr\u00e9d\u00e9fini qui correspond aux circulations \u00e9nerg\u00e9tiques. Les bienfaits sont multiples : drainage lymphatique, augmentation de l&rsquo;\u00e9nergie vitale dans le corps, calme et apaise le syst\u00e8me nerveux, d\u00e9tend les muscles, lib\u00e8re les tensions corporelles et\/ou psychologiques, stimule tous les organes internes et la digestion, rend la peau plus douce et lumineuse.<\/p>\n\n\n\n<p>Avant votre massage, nous prenons en temps d&rsquo;\u00e9change pour mieux connaitre vos besoins (douleurs, pathologies, appr\u00e9hensions). A l&rsquo;aide de quelques questions et observations je me fais une id\u00e9e globale de votre Prakriti (constitution), ainsi je peux adapter mon massage, mon huile et la temp\u00e9rature de celle-ci. <\/p>\n\n\n\n<p>Apr\u00e8s votre massage, vous avez la possibilit\u00e9 de boire une infusion, puis je vous donnerai quelques conseils pour un retour \u00e0 la maison optimal. <\/p>\n\n\n\n<p><mark style=\"background-color:rgba(0, 0, 0, 0)\" class=\"has-inline-color has-colibri-color-4-color\">Tarifs des massages Abhyanga :<\/mark><\/p>\n\n\n\n<ul class=\"wp-block-list\">\n<li><strong>Massage 1h &#8211; 60\u20ac<\/strong><\/li>\n\n\n\n<li><strong>Massage 1h30 &#8211; 90\u20ac<\/strong><\/li>\n<\/ul>\n\n\n\n<p>Les pratiques ont lieu \u00e0 mon domicile, dans un endroit propre, confortable, et adapt\u00e9 \u00e0 la pratique du massage.<\/p>\n","protected":false},"excerpt":{"rendered":"<p>Le massage Ayurv\u00e9dique dit \u00ab\u00a0Abhyanga\u00a0\u00bb est un massage th\u00e9rapeutique et \u00e9nerg\u00e9tique. A l&rsquo;aide d&rsquo;huile ti\u00e8de de s\u00e9same ou de coco biologique, je viens masser tout votre corps, dans un sens pr\u00e9d\u00e9fini qui correspond aux circulations \u00e9nerg\u00e9tiques. Les bienfaits sont multiples : drainage lymphatique, augmentation de l&rsquo;\u00e9nergie vitale dans le corps, calme et apaise le syst\u00e8me [&hellip;]<\/p>\n","protected":false},"author":4,"featured_media":0,"parent":0,"menu_order":0,"comment_status":"closed","ping_status":"closed","template":"","meta":{"ngg_post_thumbnail":0,"footnotes":""},"class_list":["post-772","page","type-page","status-publish","hentry"],"yoast_head":"<!-- This site is optimized with the Yoast SEO plugin v25.8 - https:\/\/yoast.com\/wordpress\/plugins\/seo\/ -->\n<title>Massage Abhyanga - La Luz<\/title>\n<meta name=\"robots\" content=\"index, follow, max-snippet:-1, max-image-preview:large, max-video-preview:-1\" \/>\n<link rel=\"canonical\" href=\"https:\/\/la-luz.fr\/index.php\/massages-abhyanga\/\" class=\"yoast-seo-meta-tag\" \/>\n<meta property=\"og:locale\" content=\"fr_FR\" class=\"yoast-seo-meta-tag\" \/>\n<meta property=\"og:type\" content=\"article\" class=\"yoast-seo-meta-tag\" \/>\n<meta property=\"og:title\" content=\"Massage Abhyanga - La Luz\" class=\"yoast-seo-meta-tag\" \/>\n<meta property=\"og:description\" content=\"Le massage Ayurv\u00e9dique dit \u00ab\u00a0Abhyanga\u00a0\u00bb est un massage th\u00e9rapeutique et \u00e9nerg\u00e9tique. A l&rsquo;aide d&rsquo;huile ti\u00e8de de s\u00e9same ou de coco biologique, je viens masser tout votre corps, dans un sens pr\u00e9d\u00e9fini qui correspond aux circulations \u00e9nerg\u00e9tiques. Les bienfaits sont multiples : drainage lymphatique, augmentation de l&rsquo;\u00e9nergie vitale dans le corps, calme et apaise le syst\u00e8me [&hellip;]\" class=\"yoast-seo-meta-tag\" \/>\n<meta property=\"og:url\" content=\"https:\/\/la-luz.fr\/index.php\/massages-abhyanga\/\" class=\"yoast-seo-meta-tag\" \/>\n<meta property=\"og:site_name\" content=\"La Luz\" class=\"yoast-seo-meta-tag\" \/>\n<meta property=\"article:modified_time\" content=\"2025-08-06T12:11:18+00:00\" class=\"yoast-seo-meta-tag\" \/>\n<meta name=\"twitter:card\" content=\"summary_large_image\" class=\"yoast-seo-meta-tag\" \/>\n<meta name=\"twitter:label1\" content=\"Dur\u00e9e de lecture estim\u00e9e\" class=\"yoast-seo-meta-tag\" \/>\n\t<meta name=\"twitter:data1\" content=\"1 minute\" class=\"yoast-seo-meta-tag\" \/>\n<script type=\"application\/ld+json\" class=\"yoast-schema-graph\">{\"@context\":\"https:\/\/schema.org\",\"@graph\":[{\"@type\":\"WebPage\",\"@id\":\"https:\/\/la-luz.fr\/index.php\/massages-abhyanga\/\",\"url\":\"https:\/\/la-luz.fr\/index.php\/massages-abhyanga\/\",\"name\":\"Massage Abhyanga - La Luz\",\"isPartOf\":{\"@id\":\"https:\/\/la-luz.fr\/#website\"},\"datePublished\":\"2024-08-31T13:29:24+00:00\",\"dateModified\":\"2025-08-06T12:11:18+00:00\",\"breadcrumb\":{\"@id\":\"https:\/\/la-luz.fr\/index.php\/massages-abhyanga\/#breadcrumb\"},\"inLanguage\":\"fr-FR\",\"potentialAction\":[{\"@type\":\"ReadAction\",\"target\":[\"https:\/\/la-luz.fr\/index.php\/massages-abhyanga\/\"]}]},{\"@type\":\"BreadcrumbList\",\"@id\":\"https:\/\/la-luz.fr\/index.php\/massages-abhyanga\/#breadcrumb\",\"itemListElement\":[{\"@type\":\"ListItem\",\"position\":1,\"name\":\"Accueil\",\"item\":\"https:\/\/la-luz.fr\/\"},{\"@type\":\"ListItem\",\"position\":2,\"name\":\"Massage Abhyanga\"}]},{\"@type\":\"WebSite\",\"@id\":\"https:\/\/la-luz.fr\/#website\",\"url\":\"https:\/\/la-luz.fr\/\",\"name\":\"La Luz\",\"description\":\"\",\"potentialAction\":[{\"@type\":\"SearchAction\",\"target\":{\"@type\":\"EntryPoint\",\"urlTemplate\":\"https:\/\/la-luz.fr\/?s={search_term_string}\"},\"query-input\":{\"@type\":\"PropertyValueSpecification\",\"valueRequired\":true,\"valueName\":\"search_term_string\"}}],\"inLanguage\":\"fr-FR\"}]}<\/script>\n<!-- \/ Yoast SEO plugin. -->","yoast_head_json":{"title":"Massage Abhyanga - La Luz","robots":{"index":"index","follow":"follow","max-snippet":"max-snippet:-1","max-image-preview":"max-image-preview:large","max-video-preview":"max-video-preview:-1"},"canonical":"https:\/\/la-luz.fr\/index.php\/massages-abhyanga\/","og_locale":"fr_FR","og_type":"article","og_title":"Massage Abhyanga - La Luz","og_description":"Le massage Ayurv\u00e9dique dit \u00ab\u00a0Abhyanga\u00a0\u00bb est un massage th\u00e9rapeutique et \u00e9nerg\u00e9tique. A l&rsquo;aide d&rsquo;huile ti\u00e8de de s\u00e9same ou de coco biologique, je viens masser tout votre corps, dans un sens pr\u00e9d\u00e9fini qui correspond aux circulations \u00e9nerg\u00e9tiques. Les bienfaits sont multiples : drainage lymphatique, augmentation de l&rsquo;\u00e9nergie vitale dans le corps, calme et apaise le syst\u00e8me [&hellip;]","og_url":"https:\/\/la-luz.fr\/index.php\/massages-abhyanga\/","og_site_name":"La Luz","article_modified_time":"2025-08-06T12:11:18+00:00","twitter_card":"summary_large_image","twitter_misc":{"Dur\u00e9e de lecture estim\u00e9e":"1 minute"},"schema":{"@context":"https:\/\/schema.org","@graph":[{"@type":"WebPage","@id":"https:\/\/la-luz.fr\/index.php\/massages-abhyanga\/","url":"https:\/\/la-luz.fr\/index.php\/massages-abhyanga\/","name":"Massage Abhyanga - La Luz","isPartOf":{"@id":"https:\/\/la-luz.fr\/#website"},"datePublished":"2024-08-31T13:29:24+00:00","dateModified":"2025-08-06T12:11:18+00:00","breadcrumb":{"@id":"https:\/\/la-luz.fr\/index.php\/massages-abhyanga\/#breadcrumb"},"inLanguage":"fr-FR","potentialAction":[{"@type":"ReadAction","target":["https:\/\/la-luz.fr\/index.php\/massages-abhyanga\/"]}]},{"@type":"BreadcrumbList","@id":"https:\/\/la-luz.fr\/index.php\/massages-abhyanga\/#breadcrumb","itemListElement":[{"@type":"ListItem","position":1,"name":"Accueil","item":"https:\/\/la-luz.fr\/"},{"@type":"ListItem","position":2,"name":"Massage Abhyanga"}]},{"@type":"WebSite","@id":"https:\/\/la-luz.fr\/#website","url":"https:\/\/la-luz.fr\/","name":"La Luz","description":"","potentialAction":[{"@type":"SearchAction","target":{"@type":"EntryPoint","urlTemplate":"https:\/\/la-luz.fr\/?s={search_term_string}"},"query-input":{"@type":"PropertyValueSpecification","valueRequired":true,"valueName":"search_term_string"}}],"inLanguage":"fr-FR"}]}},"featured_media_urls":[],"_links":{"self":[{"href":"https:\/\/la-luz.fr\/index.php\/wp-json\/wp\/v2\/pages\/772","targetHints":{"allow":["GET"]}}],"collection":[{"href":"https:\/\/la-luz.fr\/index.php\/wp-json\/wp\/v2\/pages"}],"about":[{"href":"https:\/\/la-luz.fr\/index.php\/wp-json\/wp\/v2\/types\/page"}],"author":[{"embeddable":true,"href":"https:\/\/la-luz.fr\/index.php\/wp-json\/wp\/v2\/users\/4"}],"replies":[{"embeddable":true,"href":"https:\/\/la-luz.fr\/index.php\/wp-json\/wp\/v2\/comments?post=772"}],"version-history":[{"count":8,"href":"https:\/\/la-luz.fr\/index.php\/wp-json\/wp\/v2\/pages\/772\/revisions"}],"predecessor-version":[{"id":1001,"href":"https:\/\/la-luz.fr\/index.php\/wp-json\/wp\/v2\/pages\/772\/revisions\/1001"}],"wp:attachment":[{"href":"https:\/\/la-luz.fr\/index.php\/wp-json\/wp\/v2\/media?parent=772"}],"curies":[{"name":"wp","href":"https:\/\/api.w.org\/{rel}","templated":true}]}}