{"id":774,"date":"2024-08-31T13:29:55","date_gmt":"2024-08-31T13:29:55","guid":{"rendered":"https:\/\/la-luz.fr\/?page_id=774"},"modified":"2026-02-16T12:58:20","modified_gmt":"2026-02-16T12:58:20","slug":"consultations","status":"publish","type":"page","link":"https:\/\/la-luz.fr\/index.php\/consultations\/","title":{"rendered":"Consultations Ayurvedique"},"content":{"rendered":"\n<p><\/p>\n\n\n\n<p class=\"has-text-align-left\">Vous souhaitez mieux vous conna\u00eetre ? Adapter votre alimentation et votre hygi\u00e8ne de vie au plus pr\u00eat de vos besoins physiques, psychologiques et spirituels ? L&rsquo;Ayurveda peut vous aider. <\/p>\n\n\n\n<p class=\"has-text-align-left\">M\u00e9decine traditionnelle de l&rsquo;Inde, elle est un atout majeur dans la prise en charge de votre sant\u00e9 avec les d\u00e9fis que la vie moderne nous impose : stress, pollution, d\u00e9r\u00e8glement climatique (modification des saisons), la qualit\u00e9 des\n                      aliments dans notre assiette etc. <\/p>\n\n\n\n<p class=\"has-text-align-left\">Avec l&rsquo;Ayurveda nous adoptons un&nbsp;<strong>mode de vie plus harmonieux<\/strong>, fond\u00e9 sur une sagesse mill\u00e9naire et une approche globale de l\u2019\u00eatre.<\/p>\n\n\n\n<p>Ensemble nous pouvons :<\/p>\n\n\n\n<ul class=\"wp-block-list\">\n<li>d\u00e9finir votre constitution (prakriti) et ses d\u00e9s\u00e9quilibres (vikriti)<\/li>\n\n\n\n<li>vous conseiller pour un retour \u00e0 l\u2019\u00e9quilibre en mati\u00e8re d\u2019alimentation<\/li>\n\n\n\n<li>vous guider en mati\u00e8re d\u2019hygi\u00e8ne de vie, de soins et de formulations ayurv\u00e9diques simples<\/li>\n<\/ul>\n\n\n\n<p><\/p>\n\n\n\n<p class=\"has-text-align-left\">Nous pouvons nous rencontrer de deux mani\u00e8res :<\/p>\n\n\n\n<ul class=\"wp-block-list\">\n<li>Formule <mark style=\"background-color:rgba(0, 0, 0, 0)\" class=\"has-inline-color has-colibri-color-3-color\"><strong>bilan Prakriti<\/strong><\/mark> <strong>: une consultation Prakriti + 2 consultations de suivis &#8211; 140\u20ac<\/strong> &#8211; Bilan et entretien complets pour comprendre votre nature et conna\u00eetre les bonne habitudes qui harmonisent votre corps et votre esprit. Ensemble, nous pouvons progresser sur le chemin de la connaissance. Nous aborderons les notions d&rsquo;\u00e9quilibre et de d\u00e9s\u00e9quilibre en soutenant l&rsquo;approche avec les premiers conseils g\u00e9n\u00e9raux et des id\u00e9es de recettes\/repas.<\/li>\n<\/ul>\n\n\n\n<p><\/p>\n\n\n\n<ul class=\"wp-block-list\">\n<li>Les <mark style=\"background-color:rgba(0, 0, 0, 0)\" class=\"has-inline-color has-colibri-color-2-color\"><strong>consultations de suivis<\/strong><\/mark> &#8211; <strong>45min &#8211; 40\u20ac<\/strong> &#8211; Envie d&rsquo;aller plus loin dans votre compr\u00e9hension ? Avec un suivi r\u00e9gulier nous pouvons approfondir ensemble votre alimentation et votre hygi\u00e8ne de vie suivant votre constitution, car les changements se mettent en place petit \u00e0 petit dans votre vie quotidienne.<\/li>\n<\/ul>\n\n\n\n<p><\/p>\n\n\n\n<p class=\"has-text-align-left\">Prenons contact pour discuter de vos besoins !<\/p>\n\n\n\n<p><\/p>\n\n\n<\/div>\n<\/div>\n<\/div>\n<\/div>\n<\/div>\n<\/div>\n<\/div>\n<div data-colibri-id=\"774-c6\" class=\"h-row-container gutters-row-lg-2 gutters-row-md-2 gutters-row-0 gutters-row-v-lg-2 gutters-row-v-md-2 gutters-row-v-2 style-398 style-local-774-c6 position-relative\">\n        <!----><\/p>\n<div class=\"h-row justify-content-lg-center justify-content-md-center justify-content-center align-items-lg-stretch align-items-md-stretch align-items-stretch gutters-col-lg-2 gutters-col-md-2 gutters-col-0 gutters-col-v-lg-2 gutters-col-v-md-2 gutters-col-v-2\">\n          <!----><\/p>\n<div class=\"h-column h-column-container d-flex h-col-lg-auto h-col-md-auto h-col-auto style-399-outer style-local-774-c7-outer\">\n<div data-colibri-id=\"774-c7\" class=\"d-flex h-flex-basis h-column__inner h-px-lg-2 h-px-md-2 h-px-2 v-inner-lg-2 v-inner-md-2 v-inner-2 style-399 style-local-774-c7 position-relative\">\n              <!----><br \/>\n              <!----><\/p>\n<div class=\"w-100 h-y-container h-column__content h-column__v-align flex-basis-100 align-self-lg-start align-self-md-start align-self-start\">\n                <!----><\/p>\n<div data-colibri-id=\"774-c8\" class=\"d-block style-400 style-local-774-c8 position-relative h-element\">\n                  <!----><\/p>\n<div class=\"h-image__frame-container-outer\">\n<div class=\"h-image__frame-container\">\n                      <!----><br \/>\n                      <!----><br \/>\n                      <img decoding=\"async\" src=\"https:\/\/la-luz.fr\/wp-content\/uploads\/2025\/08\/cropped-Blog-2-Image-1-600x600.png\" class=\"style-400-image style-local-774-c8-image\"><\/p>\n<div class=\"h-image__frame h-hide-lg h-hide-md h-hide-sm style-400-frameImage style-local-774-c8-frameImage\"><\/div>\n<\/p>\n<\/div>\n<\/div>\n<\/div>\n<\/div>\n<\/div>\n<\/div>\n<\/div>\n<\/div>\n<\/div>\n<\/div>\n<\/div>","protected":false},"excerpt":{"rendered":"<p>Vous souhaitez mieux vous conna\u00eetre ? Adapter votre alimentation et votre hygi\u00e8ne de vie au plus pr\u00eat de vos besoins physiques, psychologiques et spirituels ? L&rsquo;Ayurveda peut vous aider. M\u00e9decine traditionnelle de l&rsquo;Inde, elle est un atout majeur dans la prise en charge de votre sant\u00e9 avec les d\u00e9fis que la vie moderne nous impose [&hellip;]<\/p>\n","protected":false},"author":4,"featured_media":0,"parent":0,"menu_order":0,"comment_status":"closed","ping_status":"closed","template":"page-templates\/full-width-page.php","meta":{"ngg_post_thumbnail":0,"footnotes":""},"class_list":["post-774","page","type-page","status-publish","hentry"],"yoast_head":"<!-- This site is optimized with the Yoast SEO plugin v25.8 - https:\/\/yoast.com\/wordpress\/plugins\/seo\/ -->\n<title>Consultations Ayurvedique - La Luz<\/title>\n<meta name=\"robots\" content=\"index, follow, max-snippet:-1, max-image-preview:large, max-video-preview:-1\" \/>\n<link rel=\"canonical\" href=\"https:\/\/la-luz.fr\/index.php\/consultations\/\" class=\"yoast-seo-meta-tag\" \/>\n<meta property=\"og:locale\" content=\"fr_FR\" class=\"yoast-seo-meta-tag\" \/>\n<meta property=\"og:type\" content=\"article\" class=\"yoast-seo-meta-tag\" \/>\n<meta property=\"og:title\" content=\"Consultations Ayurvedique - La Luz\" class=\"yoast-seo-meta-tag\" \/>\n<meta property=\"og:description\" content=\"Vous souhaitez mieux vous conna\u00eetre ? Adapter votre alimentation et votre hygi\u00e8ne de vie au plus pr\u00eat de vos besoins physiques, psychologiques et spirituels ? L&rsquo;Ayurveda peut vous aider. M\u00e9decine traditionnelle de l&rsquo;Inde, elle est un atout majeur dans la prise en charge de votre sant\u00e9 avec les d\u00e9fis que la vie moderne nous impose [&hellip;]\" class=\"yoast-seo-meta-tag\" \/>\n<meta property=\"og:url\" content=\"https:\/\/la-luz.fr\/index.php\/consultations\/\" class=\"yoast-seo-meta-tag\" \/>\n<meta property=\"og:site_name\" content=\"La Luz\" class=\"yoast-seo-meta-tag\" \/>\n<meta property=\"article:modified_time\" content=\"2026-02-16T12:58:20+00:00\" class=\"yoast-seo-meta-tag\" \/>\n<meta property=\"og:image\" content=\"https:\/\/la-luz.fr\/wp-content\/uploads\/2025\/08\/cropped-Blog-2-Image-1-600x600.png\" class=\"yoast-seo-meta-tag\" \/>\n<meta name=\"twitter:card\" content=\"summary_large_image\" class=\"yoast-seo-meta-tag\" \/>\n<meta name=\"twitter:label1\" content=\"Dur\u00e9e de lecture estim\u00e9e\" class=\"yoast-seo-meta-tag\" \/>\n\t<meta name=\"twitter:data1\" content=\"2 minutes\" class=\"yoast-seo-meta-tag\" \/>\n<script type=\"application\/ld+json\" class=\"yoast-schema-graph\">{\"@context\":\"https:\/\/schema.org\",\"@graph\":[{\"@type\":\"WebPage\",\"@id\":\"https:\/\/la-luz.fr\/index.php\/consultations\/\",\"url\":\"https:\/\/la-luz.fr\/index.php\/consultations\/\",\"name\":\"Consultations Ayurvedique - La Luz\",\"isPartOf\":{\"@id\":\"https:\/\/la-luz.fr\/#website\"},\"primaryImageOfPage\":{\"@id\":\"https:\/\/la-luz.fr\/index.php\/consultations\/#primaryimage\"},\"image\":{\"@id\":\"https:\/\/la-luz.fr\/index.php\/consultations\/#primaryimage\"},\"thumbnailUrl\":\"https:\/\/la-luz.fr\/wp-content\/uploads\/2025\/08\/cropped-Blog-2-Image-1-600x600.png\",\"datePublished\":\"2024-08-31T13:29:55+00:00\",\"dateModified\":\"2026-02-16T12:58:20+00:00\",\"breadcrumb\":{\"@id\":\"https:\/\/la-luz.fr\/index.php\/consultations\/#breadcrumb\"},\"inLanguage\":\"fr-FR\",\"potentialAction\":[{\"@type\":\"ReadAction\",\"target\":[\"https:\/\/la-luz.fr\/index.php\/consultations\/\"]}]},{\"@type\":\"ImageObject\",\"inLanguage\":\"fr-FR\",\"@id\":\"https:\/\/la-luz.fr\/index.php\/consultations\/#primaryimage\",\"url\":\"https:\/\/la-luz.fr\/wp-content\/uploads\/2025\/08\/cropped-Blog-2-Image-1.png\",\"contentUrl\":\"https:\/\/la-luz.fr\/wp-content\/uploads\/2025\/08\/cropped-Blog-2-Image-1.png\",\"width\":1079,\"height\":1079},{\"@type\":\"BreadcrumbList\",\"@id\":\"https:\/\/la-luz.fr\/index.php\/consultations\/#breadcrumb\",\"itemListElement\":[{\"@type\":\"ListItem\",\"position\":1,\"name\":\"Accueil\",\"item\":\"https:\/\/la-luz.fr\/\"},{\"@type\":\"ListItem\",\"position\":2,\"name\":\"Consultations Ayurvedique\"}]},{\"@type\":\"WebSite\",\"@id\":\"https:\/\/la-luz.fr\/#website\",\"url\":\"https:\/\/la-luz.fr\/\",\"name\":\"La Luz\",\"description\":\"\",\"potentialAction\":[{\"@type\":\"SearchAction\",\"target\":{\"@type\":\"EntryPoint\",\"urlTemplate\":\"https:\/\/la-luz.fr\/?s={search_term_string}\"},\"query-input\":{\"@type\":\"PropertyValueSpecification\",\"valueRequired\":true,\"valueName\":\"search_term_string\"}}],\"inLanguage\":\"fr-FR\"}]}<\/script>\n<!-- \/ Yoast SEO plugin. -->","yoast_head_json":{"title":"Consultations Ayurvedique - La Luz","robots":{"index":"index","follow":"follow","max-snippet":"max-snippet:-1","max-image-preview":"max-image-preview:large","max-video-preview":"max-video-preview:-1"},"canonical":"https:\/\/la-luz.fr\/index.php\/consultations\/","og_locale":"fr_FR","og_type":"article","og_title":"Consultations Ayurvedique - La Luz","og_description":"Vous souhaitez mieux vous conna\u00eetre ? Adapter votre alimentation et votre hygi\u00e8ne de vie au plus pr\u00eat de vos besoins physiques, psychologiques et spirituels ? L&rsquo;Ayurveda peut vous aider. M\u00e9decine traditionnelle de l&rsquo;Inde, elle est un atout majeur dans la prise en charge de votre sant\u00e9 avec les d\u00e9fis que la vie moderne nous impose [&hellip;]","og_url":"https:\/\/la-luz.fr\/index.php\/consultations\/","og_site_name":"La Luz","article_modified_time":"2026-02-16T12:58:20+00:00","og_image":[{"url":"https:\/\/la-luz.fr\/wp-content\/uploads\/2025\/08\/cropped-Blog-2-Image-1-600x600.png","type":"","width":"","height":""}],"twitter_card":"summary_large_image","twitter_misc":{"Dur\u00e9e de lecture estim\u00e9e":"2 minutes"},"schema":{"@context":"https:\/\/schema.org","@graph":[{"@type":"WebPage","@id":"https:\/\/la-luz.fr\/index.php\/consultations\/","url":"https:\/\/la-luz.fr\/index.php\/consultations\/","name":"Consultations Ayurvedique - La Luz","isPartOf":{"@id":"https:\/\/la-luz.fr\/#website"},"primaryImageOfPage":{"@id":"https:\/\/la-luz.fr\/index.php\/consultations\/#primaryimage"},"image":{"@id":"https:\/\/la-luz.fr\/index.php\/consultations\/#primaryimage"},"thumbnailUrl":"https:\/\/la-luz.fr\/wp-content\/uploads\/2025\/08\/cropped-Blog-2-Image-1-600x600.png","datePublished":"2024-08-31T13:29:55+00:00","dateModified":"2026-02-16T12:58:20+00:00","breadcrumb":{"@id":"https:\/\/la-luz.fr\/index.php\/consultations\/#breadcrumb"},"inLanguage":"fr-FR","potentialAction":[{"@type":"ReadAction","target":["https:\/\/la-luz.fr\/index.php\/consultations\/"]}]},{"@type":"ImageObject","inLanguage":"fr-FR","@id":"https:\/\/la-luz.fr\/index.php\/consultations\/#primaryimage","url":"https:\/\/la-luz.fr\/wp-content\/uploads\/2025\/08\/cropped-Blog-2-Image-1.png","contentUrl":"https:\/\/la-luz.fr\/wp-content\/uploads\/2025\/08\/cropped-Blog-2-Image-1.png","width":1079,"height":1079},{"@type":"BreadcrumbList","@id":"https:\/\/la-luz.fr\/index.php\/consultations\/#breadcrumb","itemListElement":[{"@type":"ListItem","position":1,"name":"Accueil","item":"https:\/\/la-luz.fr\/"},{"@type":"ListItem","position":2,"name":"Consultations Ayurvedique"}]},{"@type":"WebSite","@id":"https:\/\/la-luz.fr\/#website","url":"https:\/\/la-luz.fr\/","name":"La Luz","description":"","potentialAction":[{"@type":"SearchAction","target":{"@type":"EntryPoint","urlTemplate":"https:\/\/la-luz.fr\/?s={search_term_string}"},"query-input":{"@type":"PropertyValueSpecification","valueRequired":true,"valueName":"search_term_string"}}],"inLanguage":"fr-FR"}]}},"featured_media_urls":[],"_links":{"self":[{"href":"https:\/\/la-luz.fr\/index.php\/wp-json\/wp\/v2\/pages\/774","targetHints":{"allow":["GET"]}}],"collection":[{"href":"https:\/\/la-luz.fr\/index.php\/wp-json\/wp\/v2\/pages"}],"about":[{"href":"https:\/\/la-luz.fr\/index.php\/wp-json\/wp\/v2\/types\/page"}],"author":[{"embeddable":true,"href":"https:\/\/la-luz.fr\/index.php\/wp-json\/wp\/v2\/users\/4"}],"replies":[{"embeddable":true,"href":"https:\/\/la-luz.fr\/index.php\/wp-json\/wp\/v2\/comments?post=774"}],"version-history":[{"count":20,"href":"https:\/\/la-luz.fr\/index.php\/wp-json\/wp\/v2\/pages\/774\/revisions"}],"predecessor-version":[{"id":1237,"href":"https:\/\/la-luz.fr\/index.php\/wp-json\/wp\/v2\/pages\/774\/revisions\/1237"}],"wp:attachment":[{"href":"https:\/\/la-luz.fr\/index.php\/wp-json\/wp\/v2\/media?parent=774"}],"curies":[{"name":"wp","href":"https:\/\/api.w.org\/{rel}","templated":true}]}}